{"id":160023,"date":"2025-06-30T11:10:26","date_gmt":"2025-06-30T08:10:26","guid":{"rendered":"https:\/\/4room.lv\/?post_type=product&#038;p=160023"},"modified":"2025-12-28T19:18:57","modified_gmt":"2025-12-28T17:18:57","slug":"chair-aspen","status":"publish","type":"product","link":"https:\/\/4room.lv\/lv\/veikals\/biroja-mebeles\/apmekletaju-kresli\/chair-aspen\/","title":{"rendered":"Chair Aspen"},"content":{"rendered":"","protected":false},"excerpt":{"rendered":"<p>Dizain\u0101 pievilc\u012bgs un stil\u012bgs kr\u0113sls uz melna met\u0101la r\u0101mja ar gai\u0161i tirk\u012bzu audumu.<\/p>\n<p>N\u0101k kast\u0113 pa 2gab, cena nor\u0101d\u012bta par vienu gab.<\/p>\n","protected":false},"featured_media":160024,"template":"","meta":[],"product_cat":[131,339,129,144],"product_tag":[],"class_list":{"0":"post-160023","1":"product","2":"type-product","3":"status-publish","4":"has-post-thumbnail","6":"product_brand-dutch-bone","7":"product_brand-white-label-living","8":"product_brand-zuiver","9":"product_cat-biroja-mebeles","10":"product_cat-apmekletaju-kresli","11":"product_cat-mebeles","12":"product_cat-kresli","14":"first","15":"instock","16":"shipping-taxable","17":"purchasable","18":"product-type-simple","19":"hongo-alternate-image-wrap"},"_links":{"self":[{"href":"https:\/\/4room.lv\/lv\/wp-json\/wp\/v2\/product\/160023","targetHints":{"allow":["GET"]}}],"collection":[{"href":"https:\/\/4room.lv\/lv\/wp-json\/wp\/v2\/product"}],"about":[{"href":"https:\/\/4room.lv\/lv\/wp-json\/wp\/v2\/types\/product"}],"wp:featuredmedia":[{"embeddable":true,"href":"https:\/\/4room.lv\/lv\/wp-json\/wp\/v2\/media\/160024"}],"wp:attachment":[{"href":"https:\/\/4room.lv\/lv\/wp-json\/wp\/v2\/media?parent=160023"}],"wp:term":[{"taxonomy":"product_cat","embeddable":true,"href":"https:\/\/4room.lv\/lv\/wp-json\/wp\/v2\/product_cat?post=160023"},{"taxonomy":"product_tag","embeddable":true,"href":"https:\/\/4room.lv\/lv\/wp-json\/wp\/v2\/product_tag?post=160023"}],"curies":[{"name":"wp","href":"https:\/\/api.w.org\/{rel}","templated":true}]}}