{"id":160060,"date":"2025-07-05T12:22:34","date_gmt":"2025-07-05T09:22:34","guid":{"rendered":"https:\/\/4room.lv\/?post_type=product&#038;p=160060"},"modified":"2025-12-28T19:18:57","modified_gmt":"2025-12-28T17:18:57","slug":"desk-lamp-reader-matt-black","status":"publish","type":"product","link":"https:\/\/4room.lv\/lv\/veikals\/apgaismojums\/dekorativais\/desk-lamp-reader-matt-black\/","title":{"rendered":"Desk Lamp Reader Matt Black"},"content":{"rendered":"","protected":false},"excerpt":{"rendered":"<p>Praktiska retro stila galda lampa, kas b\u016bs lieliska darbam un m\u0101c\u012bb\u0101m. T\u0101 ir \u0113rti regul\u0113jama un iek\u0161\u0101 liekama E27 spuldze, kuru var\u0113siet izv\u0113l\u0113ties sev nepiecie\u0161am\u0101 jaud\u0101 un spektr\u0101.<\/p>\n","protected":false},"featured_media":160061,"template":"","meta":[],"product_cat":[127,147],"product_tag":[],"class_list":{"0":"post-160060","1":"product","2":"type-product","3":"status-publish","4":"has-post-thumbnail","6":"product_brand-dutch-bone","7":"product_brand-white-label-living","8":"product_brand-zuiver","9":"product_cat-apgaismojums","10":"product_cat-dekorativais","12":"first","13":"instock","14":"shipping-taxable","15":"purchasable","16":"product-type-simple","17":"hongo-alternate-image-wrap"},"_links":{"self":[{"href":"https:\/\/4room.lv\/lv\/wp-json\/wp\/v2\/product\/160060","targetHints":{"allow":["GET"]}}],"collection":[{"href":"https:\/\/4room.lv\/lv\/wp-json\/wp\/v2\/product"}],"about":[{"href":"https:\/\/4room.lv\/lv\/wp-json\/wp\/v2\/types\/product"}],"wp:featuredmedia":[{"embeddable":true,"href":"https:\/\/4room.lv\/lv\/wp-json\/wp\/v2\/media\/160061"}],"wp:attachment":[{"href":"https:\/\/4room.lv\/lv\/wp-json\/wp\/v2\/media?parent=160060"}],"wp:term":[{"taxonomy":"product_cat","embeddable":true,"href":"https:\/\/4room.lv\/lv\/wp-json\/wp\/v2\/product_cat?post=160060"},{"taxonomy":"product_tag","embeddable":true,"href":"https:\/\/4room.lv\/lv\/wp-json\/wp\/v2\/product_tag?post=160060"}],"curies":[{"name":"wp","href":"https:\/\/api.w.org\/{rel}","templated":true}]}}