{"id":160266,"date":"2025-08-08T14:28:23","date_gmt":"2025-08-08T11:28:23","guid":{"rendered":"https:\/\/4room.lv\/?post_type=product&#038;p=160266"},"modified":"2025-08-24T16:11:04","modified_gmt":"2025-08-24T13:11:04","slug":"traveler-table-lamp","status":"publish","type":"product","link":"https:\/\/4room.lv\/lv\/veikals\/apgaismojums\/dekorativais\/traveler-table-lamp\/","title":{"rendered":"Traveler table lamp"},"content":{"rendered":"","protected":false},"excerpt":{"rendered":"<p>Pievilc\u012bga un funkcion\u0101la galda lampa ar lok\u0101mu galvu. Nepiecie\u0161ama E27 spuldze, ko izvel\u0113ties variet p\u0113c sav\u0101m v\u0113lm\u0113m.<\/p>\n<p>S\u0113rij\u0101 pieejama ar\u012b stavlampa un sienas lampa.<\/p>\n","protected":false},"featured_media":160267,"template":"","meta":[],"product_cat":[127,147],"product_tag":[],"class_list":{"0":"post-160266","1":"product","2":"type-product","3":"status-publish","4":"has-post-thumbnail","6":"product_brand-trio","7":"product_cat-apgaismojums","8":"product_cat-dekorativais","10":"first","11":"instock","12":"sale","13":"shipping-taxable","14":"purchasable","15":"product-type-simple"},"_links":{"self":[{"href":"https:\/\/4room.lv\/lv\/wp-json\/wp\/v2\/product\/160266","targetHints":{"allow":["GET"]}}],"collection":[{"href":"https:\/\/4room.lv\/lv\/wp-json\/wp\/v2\/product"}],"about":[{"href":"https:\/\/4room.lv\/lv\/wp-json\/wp\/v2\/types\/product"}],"wp:featuredmedia":[{"embeddable":true,"href":"https:\/\/4room.lv\/lv\/wp-json\/wp\/v2\/media\/160267"}],"wp:attachment":[{"href":"https:\/\/4room.lv\/lv\/wp-json\/wp\/v2\/media?parent=160266"}],"wp:term":[{"taxonomy":"product_cat","embeddable":true,"href":"https:\/\/4room.lv\/lv\/wp-json\/wp\/v2\/product_cat?post=160266"},{"taxonomy":"product_tag","embeddable":true,"href":"https:\/\/4room.lv\/lv\/wp-json\/wp\/v2\/product_tag?post=160266"}],"curies":[{"name":"wp","href":"https:\/\/api.w.org\/{rel}","templated":true}]}}