{"id":160305,"date":"2025-08-07T16:44:07","date_gmt":"2025-08-07T13:44:07","guid":{"rendered":"https:\/\/4room.lv\/?post_type=product&#038;p=160305"},"modified":"2025-08-07T16:44:33","modified_gmt":"2025-08-07T13:44:33","slug":"writex-office-desk-black","status":"publish","type":"product","link":"https:\/\/4room.lv\/lv\/veikals\/biroja-mebeles\/biroja-galdi\/writex-office-desk-black\/","title":{"rendered":"Writex office desk black"},"content":{"rendered":"","protected":false},"excerpt":{"rendered":"<p>M\u016bsdien\u012bgs koka rakst\u0101mgalds ar pla\u0161u atvilkni uz stabil\u0101m k\u0101j\u0101m. Kokas no gumijkoka, virsma ozolkoka finieris.<\/p>\n","protected":false},"featured_media":160306,"template":"","meta":[],"product_cat":[131,338,129,142],"product_tag":[],"class_list":{"0":"post-160305","1":"product","2":"type-product","3":"status-publish","4":"has-post-thumbnail","6":"product_cat-biroja-mebeles","7":"product_cat-biroja-galdi","8":"product_cat-mebeles","9":"product_cat-galdi","11":"first","12":"instock","13":"shipping-taxable","14":"purchasable","15":"product-type-simple","16":"hongo-alternate-image-wrap"},"_links":{"self":[{"href":"https:\/\/4room.lv\/lv\/wp-json\/wp\/v2\/product\/160305","targetHints":{"allow":["GET"]}}],"collection":[{"href":"https:\/\/4room.lv\/lv\/wp-json\/wp\/v2\/product"}],"about":[{"href":"https:\/\/4room.lv\/lv\/wp-json\/wp\/v2\/types\/product"}],"wp:featuredmedia":[{"embeddable":true,"href":"https:\/\/4room.lv\/lv\/wp-json\/wp\/v2\/media\/160306"}],"wp:attachment":[{"href":"https:\/\/4room.lv\/lv\/wp-json\/wp\/v2\/media?parent=160305"}],"wp:term":[{"taxonomy":"product_cat","embeddable":true,"href":"https:\/\/4room.lv\/lv\/wp-json\/wp\/v2\/product_cat?post=160305"},{"taxonomy":"product_tag","embeddable":true,"href":"https:\/\/4room.lv\/lv\/wp-json\/wp\/v2\/product_tag?post=160305"}],"curies":[{"name":"wp","href":"https:\/\/api.w.org\/{rel}","templated":true}]}}