{"id":160331,"date":"2025-09-02T14:17:39","date_gmt":"2025-09-02T11:17:39","guid":{"rendered":"https:\/\/4room.lv\/?post_type=product&#038;p=160331"},"modified":"2025-10-17T10:46:53","modified_gmt":"2025-10-17T07:46:53","slug":"erik-desk-chair-beige","status":"publish","type":"product","link":"https:\/\/4room.lv\/lv\/veikals\/mebeles\/kresli\/erik-desk-chair-beige\/","title":{"rendered":"Erik desk chair Beige"},"content":{"rendered":"","protected":false},"excerpt":{"rendered":"<p>M\u012bksts un \u0113rts, k\u0101 ar\u012b dizain\u0101 pievilc\u012bgs rakst\u0101mgalda kr\u0113sls uz riten\u012b\u0161iem. 5 p\u0113du pamatne mat\u0113ti melna ar g\u0101zes pacel\u0161anas meh\u0101nismu, m\u012bkstiem bremz\u0113\u0161anas riten\u012b\u0161iem, groz\u0101mu virsmu.<\/p>\n","protected":false},"featured_media":160332,"template":"","meta":[],"product_cat":[129,144],"product_tag":[],"class_list":{"0":"post-160331","1":"product","2":"type-product","3":"status-publish","4":"has-post-thumbnail","6":"product_cat-mebeles","7":"product_cat-kresli","9":"first","10":"instock","11":"sale","12":"shipping-taxable","13":"purchasable","14":"product-type-simple","15":"hongo-alternate-image-wrap"},"_links":{"self":[{"href":"https:\/\/4room.lv\/lv\/wp-json\/wp\/v2\/product\/160331","targetHints":{"allow":["GET"]}}],"collection":[{"href":"https:\/\/4room.lv\/lv\/wp-json\/wp\/v2\/product"}],"about":[{"href":"https:\/\/4room.lv\/lv\/wp-json\/wp\/v2\/types\/product"}],"wp:featuredmedia":[{"embeddable":true,"href":"https:\/\/4room.lv\/lv\/wp-json\/wp\/v2\/media\/160332"}],"wp:attachment":[{"href":"https:\/\/4room.lv\/lv\/wp-json\/wp\/v2\/media?parent=160331"}],"wp:term":[{"taxonomy":"product_cat","embeddable":true,"href":"https:\/\/4room.lv\/lv\/wp-json\/wp\/v2\/product_cat?post=160331"},{"taxonomy":"product_tag","embeddable":true,"href":"https:\/\/4room.lv\/lv\/wp-json\/wp\/v2\/product_tag?post=160331"}],"curies":[{"name":"wp","href":"https:\/\/api.w.org\/{rel}","templated":true}]}}