{"id":160375,"date":"2025-09-08T20:49:39","date_gmt":"2025-09-08T17:49:39","guid":{"rendered":"https:\/\/4room.lv\/?post_type=product&#038;p=160375"},"modified":"2025-12-28T19:18:56","modified_gmt":"2025-12-28T17:18:56","slug":"sofa-sense-3-seater-nature-soft","status":"publish","type":"product","link":"https:\/\/4room.lv\/lv\/veikals\/mebeles\/divani\/sofa-sense-3-seater-nature-soft\/","title":{"rendered":"Sofa Sense 3-Seater Nature Soft"},"content":{"rendered":"","protected":false},"excerpt":{"rendered":"<p>Izcili \u0113rts un m\u0101j\u012bgs, d\u012bv\u0101ns klasisk\u0101 form\u0101, kas nezaud\u0113s aktualit\u0101ti un ar gadiem k\u013c\u016bs tikai lab\u0101ks un m\u012b\u013c\u0101ks. T\u0101ds ir d\u012bv\u0101ns no Sense kolekcijas. Tam ir maigs vel\u016brtipa audums ar nelielu tekst\u016bru, kas ir \u013coti pat\u012bkams taustei. B\u0113\u0161aistonis ir pateic\u012bgs ar to, ka viegli komplekt\u0113jas un integr\u0113jas visur!<\/p>\n","protected":false},"featured_media":160376,"template":"","meta":[],"product_cat":[129,145],"product_tag":[],"class_list":{"0":"post-160375","1":"product","2":"type-product","3":"status-publish","4":"has-post-thumbnail","6":"product_brand-dutch-bone","7":"product_brand-white-label-living","8":"product_brand-zuiver","9":"product_cat-mebeles","10":"product_cat-divani","12":"first","13":"instock","14":"shipping-taxable","15":"purchasable","16":"product-type-simple","17":"hongo-alternate-image-wrap"},"_links":{"self":[{"href":"https:\/\/4room.lv\/lv\/wp-json\/wp\/v2\/product\/160375","targetHints":{"allow":["GET"]}}],"collection":[{"href":"https:\/\/4room.lv\/lv\/wp-json\/wp\/v2\/product"}],"about":[{"href":"https:\/\/4room.lv\/lv\/wp-json\/wp\/v2\/types\/product"}],"wp:featuredmedia":[{"embeddable":true,"href":"https:\/\/4room.lv\/lv\/wp-json\/wp\/v2\/media\/160376"}],"wp:attachment":[{"href":"https:\/\/4room.lv\/lv\/wp-json\/wp\/v2\/media?parent=160375"}],"wp:term":[{"taxonomy":"product_cat","embeddable":true,"href":"https:\/\/4room.lv\/lv\/wp-json\/wp\/v2\/product_cat?post=160375"},{"taxonomy":"product_tag","embeddable":true,"href":"https:\/\/4room.lv\/lv\/wp-json\/wp\/v2\/product_tag?post=160375"}],"curies":[{"name":"wp","href":"https:\/\/api.w.org\/{rel}","templated":true}]}}