{"id":160580,"date":"2025-08-13T11:06:08","date_gmt":"2025-08-13T08:06:08","guid":{"rendered":"https:\/\/4room.lv\/?post_type=product&#038;p=160580"},"modified":"2025-11-06T12:42:08","modified_gmt":"2025-11-06T10:42:08","slug":"randolf-bedside-table","status":"publish","type":"product","link":"https:\/\/4room.lv\/lv\/veikals\/mebeles\/galdi\/randolf-bedside-table\/","title":{"rendered":"Randolf bedside table"},"content":{"rendered":"","protected":false},"excerpt":{"rendered":"<p>Minimalistisks un funkcion\u0101ls naktsgaldi\u0146\u0161. Melna metala r\u0101mis, r\u016bd\u012bta tum\u0161a stikla virsma, p\u0101r\u0113jais korpuss ar melnu koka raksta lamin\u0101tu. \u0160is galdi\u0146\u0161 nodro\u0161in\u0101s to, ka visu, kas jums nepiecie\u0161ams pie gultas atrad\u012bs vietu.<\/p>\n<p>&nbsp;<\/p>\n","protected":false},"featured_media":160581,"template":"","meta":[],"product_cat":[129,142],"product_tag":[],"class_list":{"0":"post-160580","1":"product","2":"type-product","3":"status-publish","4":"has-post-thumbnail","6":"product_cat-mebeles","7":"product_cat-galdi","9":"first","10":"instock","11":"shipping-taxable","12":"purchasable","13":"product-type-simple","14":"hongo-alternate-image-wrap"},"_links":{"self":[{"href":"https:\/\/4room.lv\/lv\/wp-json\/wp\/v2\/product\/160580","targetHints":{"allow":["GET"]}}],"collection":[{"href":"https:\/\/4room.lv\/lv\/wp-json\/wp\/v2\/product"}],"about":[{"href":"https:\/\/4room.lv\/lv\/wp-json\/wp\/v2\/types\/product"}],"wp:featuredmedia":[{"embeddable":true,"href":"https:\/\/4room.lv\/lv\/wp-json\/wp\/v2\/media\/160581"}],"wp:attachment":[{"href":"https:\/\/4room.lv\/lv\/wp-json\/wp\/v2\/media?parent=160580"}],"wp:term":[{"taxonomy":"product_cat","embeddable":true,"href":"https:\/\/4room.lv\/lv\/wp-json\/wp\/v2\/product_cat?post=160580"},{"taxonomy":"product_tag","embeddable":true,"href":"https:\/\/4room.lv\/lv\/wp-json\/wp\/v2\/product_tag?post=160580"}],"curies":[{"name":"wp","href":"https:\/\/api.w.org\/{rel}","templated":true}]}}