{"id":160628,"date":"2025-08-13T12:16:42","date_gmt":"2025-08-13T09:16:42","guid":{"rendered":"https:\/\/4room.lv\/?post_type=product&#038;p=160628"},"modified":"2025-08-13T12:17:17","modified_gmt":"2025-08-13T09:17:17","slug":"nola-250x110cm","status":"publish","type":"product","link":"https:\/\/4room.lv\/lv\/veikals\/mebeles\/galdi\/nola-250x110cm\/","title":{"rendered":"Nola 250\u00d7110cm"},"content":{"rendered":"","protected":false},"excerpt":{"rendered":"<p>Elegants un iespaid\u012bgs gan dizain\u0101, gan izm\u0113r\u0101. \u0160is galds b\u016bs centralais dizaina objekts \u0113damistab\u0101, bet lieliski der\u0113s ar\u012b k\u0101 konferen\u010du galds. Dab\u012bgs lakots koks kur skaidri nolas\u0101s koka dabiskais raksts.<\/p>\n<p>&nbsp;<\/p>\n","protected":false},"featured_media":160629,"template":"","meta":[],"product_cat":[129,142],"product_tag":[],"class_list":{"0":"post-160628","1":"product","2":"type-product","3":"status-publish","4":"has-post-thumbnail","6":"product_brand-eleonora","7":"product_cat-mebeles","8":"product_cat-galdi","10":"first","11":"instock","12":"shipping-taxable","13":"purchasable","14":"product-type-simple","15":"hongo-alternate-image-wrap"},"_links":{"self":[{"href":"https:\/\/4room.lv\/lv\/wp-json\/wp\/v2\/product\/160628","targetHints":{"allow":["GET"]}}],"collection":[{"href":"https:\/\/4room.lv\/lv\/wp-json\/wp\/v2\/product"}],"about":[{"href":"https:\/\/4room.lv\/lv\/wp-json\/wp\/v2\/types\/product"}],"wp:featuredmedia":[{"embeddable":true,"href":"https:\/\/4room.lv\/lv\/wp-json\/wp\/v2\/media\/160629"}],"wp:attachment":[{"href":"https:\/\/4room.lv\/lv\/wp-json\/wp\/v2\/media?parent=160628"}],"wp:term":[{"taxonomy":"product_cat","embeddable":true,"href":"https:\/\/4room.lv\/lv\/wp-json\/wp\/v2\/product_cat?post=160628"},{"taxonomy":"product_tag","embeddable":true,"href":"https:\/\/4room.lv\/lv\/wp-json\/wp\/v2\/product_tag?post=160628"}],"curies":[{"name":"wp","href":"https:\/\/api.w.org\/{rel}","templated":true}]}}