{"id":160696,"date":"2025-08-24T15:57:23","date_gmt":"2025-08-24T12:57:23","guid":{"rendered":"https:\/\/4room.lv\/?post_type=product&#038;p=160696"},"modified":"2025-08-24T15:57:23","modified_gmt":"2025-08-24T12:57:23","slug":"matis-floor-lamp-black","status":"publish","type":"product","link":"https:\/\/4room.lv\/lv\/veikals\/apgaismojums\/dekorativais\/matis-floor-lamp-black\/","title":{"rendered":"Matis Floor lamp Black"},"content":{"rendered":"","protected":false},"excerpt":{"rendered":"<p>Funkcionala un vienk\u0101r\u0161a st\u0101vlampa, ar lokanu kaklu, lai \u0113rti novirz\u012bt gaismu. Sl\u0113dzis paroz\u012bgi uz gaismek\u013ca kupola Ike\u0161\u0101 nepeicie\u0161ama E27 spuldze, kuru variet izvel\u0113ties p\u0113c saviem ieskatiem.<\/p>\n<p>Lieliska lampa las\u012b\u0161anai vai atmosf\u0113ras rad\u012b\u0161anai.<\/p>\n","protected":false},"featured_media":160697,"template":"","meta":[],"product_cat":[127,147],"product_tag":[],"class_list":{"0":"post-160696","1":"product","2":"type-product","3":"status-publish","4":"has-post-thumbnail","6":"product_brand-nordlux","7":"product_cat-apgaismojums","8":"product_cat-dekorativais","10":"first","11":"instock","12":"shipping-taxable","13":"purchasable","14":"product-type-simple","15":"hongo-alternate-image-wrap"},"_links":{"self":[{"href":"https:\/\/4room.lv\/lv\/wp-json\/wp\/v2\/product\/160696","targetHints":{"allow":["GET"]}}],"collection":[{"href":"https:\/\/4room.lv\/lv\/wp-json\/wp\/v2\/product"}],"about":[{"href":"https:\/\/4room.lv\/lv\/wp-json\/wp\/v2\/types\/product"}],"wp:featuredmedia":[{"embeddable":true,"href":"https:\/\/4room.lv\/lv\/wp-json\/wp\/v2\/media\/160697"}],"wp:attachment":[{"href":"https:\/\/4room.lv\/lv\/wp-json\/wp\/v2\/media?parent=160696"}],"wp:term":[{"taxonomy":"product_cat","embeddable":true,"href":"https:\/\/4room.lv\/lv\/wp-json\/wp\/v2\/product_cat?post=160696"},{"taxonomy":"product_tag","embeddable":true,"href":"https:\/\/4room.lv\/lv\/wp-json\/wp\/v2\/product_tag?post=160696"}],"curies":[{"name":"wp","href":"https:\/\/api.w.org\/{rel}","templated":true}]}}