{"id":160756,"date":"2025-08-24T19:56:20","date_gmt":"2025-08-24T16:56:20","guid":{"rendered":"https:\/\/4room.lv\/?post_type=product&#038;p=160756"},"modified":"2025-08-24T19:56:20","modified_gmt":"2025-08-24T16:56:20","slug":"illan-80","status":"publish","type":"product","link":"https:\/\/4room.lv\/lv\/veikals\/apgaismojums\/dekorativais\/illan-80\/","title":{"rendered":"Illan 80"},"content":{"rendered":"","protected":false},"excerpt":{"rendered":"<p>Dizaina ikona Illan, kas rad\u012bta no smalkiem b\u0113rzakoka griezumiem un jaud\u012bgu dim\u0113jamu Led ir gaismeklis, kas ne tikai rad\u012bs atmosf\u0113risku apgaismojumu, bet b\u016bs satrieco\u0161s akcents interjer\u0101. Gais\u012bgs un elegnats gaismeklis, kas nenoslogos telpu, bet rad\u012bs sp\u0113\u010d\u012bgu efektu.<\/p>\n<p>Tam gari 3m kabe\u013ci, l\u012bdz ar to pie\u0113rots ar\u012b telp\u0101m ar augstiem griestiem.<\/p>\n","protected":false},"featured_media":160757,"template":"","meta":[],"product_cat":[1058,127,147],"product_tag":[],"class_list":{"0":"post-160756","1":"product","2":"type-product","3":"status-publish","4":"has-post-thumbnail","6":"product_brand-luceplan","7":"product_cat-dizaina","8":"product_cat-apgaismojums","9":"product_cat-dekorativais","11":"first","12":"instock","13":"sale","14":"shipping-taxable","15":"purchasable","16":"product-type-simple","17":"hongo-alternate-image-wrap"},"_links":{"self":[{"href":"https:\/\/4room.lv\/lv\/wp-json\/wp\/v2\/product\/160756","targetHints":{"allow":["GET"]}}],"collection":[{"href":"https:\/\/4room.lv\/lv\/wp-json\/wp\/v2\/product"}],"about":[{"href":"https:\/\/4room.lv\/lv\/wp-json\/wp\/v2\/types\/product"}],"wp:featuredmedia":[{"embeddable":true,"href":"https:\/\/4room.lv\/lv\/wp-json\/wp\/v2\/media\/160757"}],"wp:attachment":[{"href":"https:\/\/4room.lv\/lv\/wp-json\/wp\/v2\/media?parent=160756"}],"wp:term":[{"taxonomy":"product_cat","embeddable":true,"href":"https:\/\/4room.lv\/lv\/wp-json\/wp\/v2\/product_cat?post=160756"},{"taxonomy":"product_tag","embeddable":true,"href":"https:\/\/4room.lv\/lv\/wp-json\/wp\/v2\/product_tag?post=160756"}],"curies":[{"name":"wp","href":"https:\/\/api.w.org\/{rel}","templated":true}]}}