{"id":160857,"date":"2025-08-31T19:52:04","date_gmt":"2025-08-31T16:52:04","guid":{"rendered":"https:\/\/4room.lv\/?post_type=product&#038;p=160857"},"modified":"2025-08-31T19:52:04","modified_gmt":"2025-08-31T16:52:04","slug":"coffee-table-balloon-burgundy","status":"publish","type":"product","link":"https:\/\/4room.lv\/lv\/veikals\/mebeles\/galdi\/coffee-table-balloon-burgundy\/","title":{"rendered":"Coffee table Balloon \u2013 burgundy"},"content":{"rendered":"","protected":false},"excerpt":{"rendered":"<p>Stil\u012bgs un unik\u0101ls kafijas galdi\u0146s no met\u0101la, p\u0101rkl\u0101ts ar sp\u012bd\u012bgu emaljas kr\u0101su gaum\u012bg\u0101 bordo ton\u012b. Kalpos ne tikai k\u0101 \u0113rts galdi\u0146\u0161 j\u016bsu atp\u016btas zonai, bet a\u0157\u012b k\u0101 gl\u012bts un m\u016bsdien\u012bgs dizaina elements.<\/p>\n","protected":false},"featured_media":160858,"template":"","meta":[],"product_cat":[129,142],"product_tag":[],"class_list":{"0":"post-160857","1":"product","2":"type-product","3":"status-publish","4":"has-post-thumbnail","6":"product_brand-by-boo","7":"product_cat-mebeles","8":"product_cat-galdi","10":"first","11":"instock","12":"shipping-taxable","13":"purchasable","14":"product-type-simple"},"_links":{"self":[{"href":"https:\/\/4room.lv\/lv\/wp-json\/wp\/v2\/product\/160857","targetHints":{"allow":["GET"]}}],"collection":[{"href":"https:\/\/4room.lv\/lv\/wp-json\/wp\/v2\/product"}],"about":[{"href":"https:\/\/4room.lv\/lv\/wp-json\/wp\/v2\/types\/product"}],"wp:featuredmedia":[{"embeddable":true,"href":"https:\/\/4room.lv\/lv\/wp-json\/wp\/v2\/media\/160858"}],"wp:attachment":[{"href":"https:\/\/4room.lv\/lv\/wp-json\/wp\/v2\/media?parent=160857"}],"wp:term":[{"taxonomy":"product_cat","embeddable":true,"href":"https:\/\/4room.lv\/lv\/wp-json\/wp\/v2\/product_cat?post=160857"},{"taxonomy":"product_tag","embeddable":true,"href":"https:\/\/4room.lv\/lv\/wp-json\/wp\/v2\/product_tag?post=160857"}],"curies":[{"name":"wp","href":"https:\/\/api.w.org\/{rel}","templated":true}]}}