{"id":160930,"date":"2025-09-05T16:06:26","date_gmt":"2025-09-05T13:06:26","guid":{"rendered":"https:\/\/4room.lv\/?post_type=product&#038;p=160930"},"modified":"2025-09-17T16:14:28","modified_gmt":"2025-09-17T13:14:28","slug":"fozy-15w-white-ip54","status":"publish","type":"product","link":"https:\/\/4room.lv\/lv\/veikals\/apgaismojums\/dekorativais\/fozy-15w-white-ip54\/","title":{"rendered":"Fozy 15W white IP54"},"content":{"rendered":"","protected":false},"excerpt":{"rendered":"<p>Virsapmetuma mitrumnotur\u012bgs Led gaismeklis, kam ir skiasta stikla l\u0113ca pat\u012bkamam un netraucejo\u0161am gaismas staram. Skaists risin\u0101jums vannasistabai.<\/p>\n<p>Pieejams a\u0157\u012b melns, k\u0101 a\u0157\u012b s\u0113rij\u0101 ir daz\u0101du jaudu un izm\u0113ru virsapmetuma un ieb\u016bv\u0113jamie gaismek\u013ci. Ja neatrodiet tos lap\u0101, tad dro\u0161i vaic\u0101jiet mums.<\/p>\n","protected":false},"featured_media":160967,"template":"","meta":[],"product_cat":[127,148,147],"product_tag":[],"class_list":{"0":"post-160930","1":"product","2":"type-product","3":"status-publish","4":"has-post-thumbnail","6":"product_brand-vkled","7":"product_cat-apgaismojums","8":"product_cat-arhitekturalais","9":"product_cat-dekorativais","11":"first","12":"instock","13":"shipping-taxable","14":"purchasable","15":"product-type-simple","16":"hongo-alternate-image-wrap"},"_links":{"self":[{"href":"https:\/\/4room.lv\/lv\/wp-json\/wp\/v2\/product\/160930","targetHints":{"allow":["GET"]}}],"collection":[{"href":"https:\/\/4room.lv\/lv\/wp-json\/wp\/v2\/product"}],"about":[{"href":"https:\/\/4room.lv\/lv\/wp-json\/wp\/v2\/types\/product"}],"wp:featuredmedia":[{"embeddable":true,"href":"https:\/\/4room.lv\/lv\/wp-json\/wp\/v2\/media\/160967"}],"wp:attachment":[{"href":"https:\/\/4room.lv\/lv\/wp-json\/wp\/v2\/media?parent=160930"}],"wp:term":[{"taxonomy":"product_cat","embeddable":true,"href":"https:\/\/4room.lv\/lv\/wp-json\/wp\/v2\/product_cat?post=160930"},{"taxonomy":"product_tag","embeddable":true,"href":"https:\/\/4room.lv\/lv\/wp-json\/wp\/v2\/product_tag?post=160930"}],"curies":[{"name":"wp","href":"https:\/\/api.w.org\/{rel}","templated":true}]}}