{"id":160977,"date":"2025-09-20T12:58:19","date_gmt":"2025-09-20T09:58:19","guid":{"rendered":"https:\/\/4room.lv\/?post_type=product&#038;p=160977"},"modified":"2025-09-20T12:58:36","modified_gmt":"2025-09-20T09:58:36","slug":"bed-salamanca-ecru-160x200cm","status":"publish","type":"product","link":"https:\/\/4room.lv\/lv\/veikals\/mebeles\/gultas\/bed-salamanca-ecru-160x200cm\/","title":{"rendered":"Bed Salamanca Ecru 160x200cm"},"content":{"rendered":"","protected":false},"excerpt":{"rendered":"<p>M\u016bsdien\u012bga gulta stilam un komfortam gu\u013camistab\u0101. Maigi b\u0113\u0161\u0101 audum\u0101, kas rada gultai viegluma saj\u016btu telp\u0101 un m\u016b\u0161idne\u012bg\u0101m \u0161uv\u0113m, modernam akcentam dizain\u0101.<\/p>\n<p>R\u0101mis: Di\u017esk\u0101bardis Mas\u012bvkoks Dab\u012bgs\/neapstr\u0101d\u0101ts, Egle Mas\u012bvkoks Dab\u012bgs\/neapstr\u0101d\u0101ts, P\u0101rvalks: Poliesters, Ap\u0161uvums: 25 kg\/m\u00b3 Poliuret\u0101ns, 300 kg Maksim\u0101l\u0101 slodzes iztur\u012bba,\u00a0 Nodilumiztur\u012bbas tests: 45000 Martindale , Notur\u012bba pret bal\u0113\u0161anu: 4-5\u00a0 iztur\u012bba, Berzes iztur\u012bba: 4-5 Berzes iztur\u012bba, Iztur\u012bba pret cigaret\u0113m, Viegli t\u012br\u0101ms, \u00d6kotex sertific\u0113ts<\/p>\n","protected":false},"featured_media":160978,"template":"","meta":[],"product_cat":[129,146],"product_tag":[],"class_list":{"0":"post-160977","1":"product","2":"type-product","3":"status-publish","4":"has-post-thumbnail","6":"product_brand-kare-design","7":"product_cat-mebeles","8":"product_cat-gultas","10":"first","11":"instock","12":"shipping-taxable","13":"purchasable","14":"product-type-simple","15":"hongo-alternate-image-wrap"},"_links":{"self":[{"href":"https:\/\/4room.lv\/lv\/wp-json\/wp\/v2\/product\/160977","targetHints":{"allow":["GET"]}}],"collection":[{"href":"https:\/\/4room.lv\/lv\/wp-json\/wp\/v2\/product"}],"about":[{"href":"https:\/\/4room.lv\/lv\/wp-json\/wp\/v2\/types\/product"}],"wp:featuredmedia":[{"embeddable":true,"href":"https:\/\/4room.lv\/lv\/wp-json\/wp\/v2\/media\/160978"}],"wp:attachment":[{"href":"https:\/\/4room.lv\/lv\/wp-json\/wp\/v2\/media?parent=160977"}],"wp:term":[{"taxonomy":"product_cat","embeddable":true,"href":"https:\/\/4room.lv\/lv\/wp-json\/wp\/v2\/product_cat?post=160977"},{"taxonomy":"product_tag","embeddable":true,"href":"https:\/\/4room.lv\/lv\/wp-json\/wp\/v2\/product_tag?post=160977"}],"curies":[{"name":"wp","href":"https:\/\/api.w.org\/{rel}","templated":true}]}}