{"id":160993,"date":"2025-09-20T13:27:09","date_gmt":"2025-09-20T10:27:09","guid":{"rendered":"https:\/\/4room.lv\/?post_type=product&#038;p=160993"},"modified":"2025-09-20T13:27:09","modified_gmt":"2025-09-20T10:27:09","slug":"downlight-hidden-2x10w","status":"publish","type":"product","link":"https:\/\/4room.lv\/lv\/veikals\/apgaismojums\/arhitekturalais\/downlight-hidden-2x10w\/","title":{"rendered":"Downlight Hidden 2x10W"},"content":{"rendered":"","protected":false},"excerpt":{"rendered":"<p>Praktisks ieb\u016bv\u0113ts Led gaismeklis ar diviem spotiem, ko iesp\u0113jams izmantot ievirz\u012btus iek\u0161a, ar gaismu uz leju, vai izvirz\u012btus uz \u0101ru, k\u0101 groz\u0101mus spotus. Lielissks risinajums, kad telp\u0101s v\u0113\u0157latires vien\u0101dus gaismek\u013cus, bet ar daz\u0101d\u0101m izgaismo\u0161anas iesp\u0113j\u0101m.<\/p>\n<p>&nbsp;<\/p>\n","protected":false},"featured_media":160994,"template":"","meta":[],"product_cat":[127,148],"product_tag":[],"class_list":{"0":"post-160993","1":"product","2":"type-product","3":"status-publish","4":"has-post-thumbnail","6":"product_brand-maytoni","7":"product_cat-apgaismojums","8":"product_cat-arhitekturalais","10":"first","11":"instock","12":"shipping-taxable","13":"purchasable","14":"product-type-simple","15":"hongo-alternate-image-wrap"},"_links":{"self":[{"href":"https:\/\/4room.lv\/lv\/wp-json\/wp\/v2\/product\/160993","targetHints":{"allow":["GET"]}}],"collection":[{"href":"https:\/\/4room.lv\/lv\/wp-json\/wp\/v2\/product"}],"about":[{"href":"https:\/\/4room.lv\/lv\/wp-json\/wp\/v2\/types\/product"}],"wp:featuredmedia":[{"embeddable":true,"href":"https:\/\/4room.lv\/lv\/wp-json\/wp\/v2\/media\/160994"}],"wp:attachment":[{"href":"https:\/\/4room.lv\/lv\/wp-json\/wp\/v2\/media?parent=160993"}],"wp:term":[{"taxonomy":"product_cat","embeddable":true,"href":"https:\/\/4room.lv\/lv\/wp-json\/wp\/v2\/product_cat?post=160993"},{"taxonomy":"product_tag","embeddable":true,"href":"https:\/\/4room.lv\/lv\/wp-json\/wp\/v2\/product_tag?post=160993"}],"curies":[{"name":"wp","href":"https:\/\/api.w.org\/{rel}","templated":true}]}}