{"id":161006,"date":"2025-09-20T13:41:53","date_gmt":"2025-09-20T10:41:53","guid":{"rendered":"https:\/\/4room.lv\/?post_type=product&#038;p=161006"},"modified":"2025-09-20T13:41:53","modified_gmt":"2025-09-20T10:41:53","slug":"delie-8xg9-black-white","status":"publish","type":"product","link":"https:\/\/4room.lv\/lv\/veikals\/apgaismojums\/dekorativais\/delie-8xg9-black-white\/","title":{"rendered":"Delie 8xG9 Black\/White"},"content":{"rendered":"","protected":false},"excerpt":{"rendered":"<p>Eleganta lustra kur met\u0101ls, stikls un marmors rada m\u016bsdien\u012bgu dizaina gaismekli. Gaismek\u013ca r\u0101mis ir no melna met\u0101la, augstumu regul\u0113t var ar stie\u0146u pal\u012bdz\u012bbu\u00a0 60\/90\/120cm<\/p>\n<p>Lustrai ir balti mat\u0113ta stikla kupoli, kur katr\u0101 ir silta spektra G9 spuldze, kas n\u0101k komplekt\u0101cij\u0101. Ta\u010du p\u0113c vajadz\u012bbas var\u0113siet t\u0101s viegli nomain\u012bt. Zem stikla rot\u0101j\u0101s skaistas balt\u0101 marmora lodes, kas padara lustra dizaina elegant\u0101ku un bag\u0101t\u012bg\u0101ku.<\/p>\n<p>Pieejama ar\u012b misi\u0146\u0101, k\u0101 ar\u012b s\u0113rij\u0101 ir citi gaismek\u013ci, k\u0101 piem\u0113ram sienas. Ja neatrodiet velamo m\u016bsu m\u0101jaslap\u0101, tad dro\u0161i\u00a0 vaic\u0101jiet mums.<\/p>\n","protected":false},"featured_media":161007,"template":"","meta":[],"product_cat":[1058,127,147],"product_tag":[],"class_list":{"0":"post-161006","1":"product","2":"type-product","3":"status-publish","4":"has-post-thumbnail","6":"product_brand-aromas-del-campo","7":"product_cat-dizaina","8":"product_cat-apgaismojums","9":"product_cat-dekorativais","11":"first","12":"instock","13":"shipping-taxable","14":"purchasable","15":"product-type-simple","16":"hongo-alternate-image-wrap"},"_links":{"self":[{"href":"https:\/\/4room.lv\/lv\/wp-json\/wp\/v2\/product\/161006","targetHints":{"allow":["GET"]}}],"collection":[{"href":"https:\/\/4room.lv\/lv\/wp-json\/wp\/v2\/product"}],"about":[{"href":"https:\/\/4room.lv\/lv\/wp-json\/wp\/v2\/types\/product"}],"wp:featuredmedia":[{"embeddable":true,"href":"https:\/\/4room.lv\/lv\/wp-json\/wp\/v2\/media\/161007"}],"wp:attachment":[{"href":"https:\/\/4room.lv\/lv\/wp-json\/wp\/v2\/media?parent=161006"}],"wp:term":[{"taxonomy":"product_cat","embeddable":true,"href":"https:\/\/4room.lv\/lv\/wp-json\/wp\/v2\/product_cat?post=161006"},{"taxonomy":"product_tag","embeddable":true,"href":"https:\/\/4room.lv\/lv\/wp-json\/wp\/v2\/product_tag?post=161006"}],"curies":[{"name":"wp","href":"https:\/\/api.w.org\/{rel}","templated":true}]}}