{"id":161061,"date":"2025-09-14T14:18:33","date_gmt":"2025-09-14T11:18:33","guid":{"rendered":"https:\/\/4room.lv\/?post_type=product&#038;p=161061"},"modified":"2026-01-22T14:45:26","modified_gmt":"2026-01-22T12:45:26","slug":"pendant-lamp-frame","status":"publish","type":"product","link":"https:\/\/4room.lv\/lv\/veikals\/apgaismojums\/dekorativais\/pendant-lamp-frame\/","title":{"rendered":"Pendant lamp Frame"},"content":{"rendered":"","protected":false},"excerpt":{"rendered":"<p>Eleganta un izteiksm\u012bga stikla lustra, kas sast\u0101v no nelieliem stikla stie\u0146iem, kas rada skaistu vizu\u0101lo efektu, k\u0101 ar\u012b lau\u017e gaismu pat\u012bkam\u0101kam apgaismojumam. Met\u0101la karkass ir sp\u012bd\u012bg\u0101 zelt\u0101 kr\u0101s\u0101.<\/p>\n<p>Lustrai vajad\u017e\u012bgas 6xE14 spuld\u017e\u012btes, kuras variet izv\u0113kl\u0113ties p\u0113c ieskatiem. iesak\u0101m izvel\u0113ties silta spektra un causp\u012bd\u012bga stikla spuldzes, lai t\u0101s lab\u0101k saskan ar lustru.<\/p>\n","protected":false},"featured_media":161062,"template":"","meta":[],"product_cat":[127,147],"product_tag":[],"class_list":{"0":"post-161061","1":"product","2":"type-product","3":"status-publish","4":"has-post-thumbnail","6":"product_brand-maytoni","7":"product_cat-apgaismojums","8":"product_cat-dekorativais","10":"first","11":"instock","12":"sale","13":"shipping-taxable","14":"purchasable","15":"product-type-simple","16":"hongo-alternate-image-wrap"},"_links":{"self":[{"href":"https:\/\/4room.lv\/lv\/wp-json\/wp\/v2\/product\/161061","targetHints":{"allow":["GET"]}}],"collection":[{"href":"https:\/\/4room.lv\/lv\/wp-json\/wp\/v2\/product"}],"about":[{"href":"https:\/\/4room.lv\/lv\/wp-json\/wp\/v2\/types\/product"}],"wp:featuredmedia":[{"embeddable":true,"href":"https:\/\/4room.lv\/lv\/wp-json\/wp\/v2\/media\/161062"}],"wp:attachment":[{"href":"https:\/\/4room.lv\/lv\/wp-json\/wp\/v2\/media?parent=161061"}],"wp:term":[{"taxonomy":"product_cat","embeddable":true,"href":"https:\/\/4room.lv\/lv\/wp-json\/wp\/v2\/product_cat?post=161061"},{"taxonomy":"product_tag","embeddable":true,"href":"https:\/\/4room.lv\/lv\/wp-json\/wp\/v2\/product_tag?post=161061"}],"curies":[{"name":"wp","href":"https:\/\/api.w.org\/{rel}","templated":true}]}}