{"id":161112,"date":"2025-09-30T14:56:46","date_gmt":"2025-09-30T11:56:46","guid":{"rendered":"https:\/\/4room.lv\/?post_type=product&#038;p=161112"},"modified":"2025-12-28T19:18:56","modified_gmt":"2025-12-28T17:18:56","slug":"side-table-sverre-round-ivory","status":"publish","type":"product","link":"https:\/\/4room.lv\/lv\/veikals\/mebeles\/galdi\/side-table-sverre-round-ivory\/","title":{"rendered":"Side Table Sverre Round Ivory"},"content":{"rendered":"","protected":false},"excerpt":{"rendered":"<p>Galdi\u0146\u0161, kas ieder\u0113sies visur! Neitr\u0101ls b\u0113\u0161\u012bgs zilo\u0146kaula tonis un klasiska forma\u00a0 minimalistisk\u0101 dizain\u0101. B\u016bs \u0113rts papildin\u0101jums jebkurai telpai. Galds ir no met\u0101la ar pulverkr\u0101sas p\u0101rkl\u0101jumu.<\/p>\n","protected":false},"featured_media":161113,"template":"","meta":[],"product_cat":[129,142],"product_tag":[],"class_list":{"0":"post-161112","1":"product","2":"type-product","3":"status-publish","4":"has-post-thumbnail","6":"product_brand-dutch-bone","7":"product_brand-white-label-living","8":"product_brand-zuiver","9":"product_cat-mebeles","10":"product_cat-galdi","12":"first","13":"instock","14":"shipping-taxable","15":"purchasable","16":"product-type-simple","17":"hongo-alternate-image-wrap"},"_links":{"self":[{"href":"https:\/\/4room.lv\/lv\/wp-json\/wp\/v2\/product\/161112","targetHints":{"allow":["GET"]}}],"collection":[{"href":"https:\/\/4room.lv\/lv\/wp-json\/wp\/v2\/product"}],"about":[{"href":"https:\/\/4room.lv\/lv\/wp-json\/wp\/v2\/types\/product"}],"wp:featuredmedia":[{"embeddable":true,"href":"https:\/\/4room.lv\/lv\/wp-json\/wp\/v2\/media\/161113"}],"wp:attachment":[{"href":"https:\/\/4room.lv\/lv\/wp-json\/wp\/v2\/media?parent=161112"}],"wp:term":[{"taxonomy":"product_cat","embeddable":true,"href":"https:\/\/4room.lv\/lv\/wp-json\/wp\/v2\/product_cat?post=161112"},{"taxonomy":"product_tag","embeddable":true,"href":"https:\/\/4room.lv\/lv\/wp-json\/wp\/v2\/product_tag?post=161112"}],"curies":[{"name":"wp","href":"https:\/\/api.w.org\/{rel}","templated":true}]}}