{"id":161286,"date":"2025-10-10T15:59:13","date_gmt":"2025-10-10T12:59:13","guid":{"rendered":"https:\/\/4room.lv\/?post_type=product&#038;p=161286"},"modified":"2026-01-22T14:45:53","modified_gmt":"2026-01-22T12:45:53","slug":"pivot-pendant","status":"publish","type":"product","link":"https:\/\/4room.lv\/lv\/veikals\/apgaismojums\/dekorativais\/pivot-pendant\/","title":{"rendered":"Pivot pendant"},"content":{"rendered":"","protected":false},"excerpt":{"rendered":"<p>Funkcion\u0101ls d\u016bmakota stikla gaismeklis, kam ir iesp\u0113ja noregul\u0113t t\u0101 le\u0146\u0137i p\u0113c nepiecie\u0161am\u012bbas. Gaismu var novirz\u012bt uz leju vai uz s\u0101niem le\u0146\u0137\u012b. Gaisma no gaismek\u013ca b\u016bs maiga un p\u0101tikama, jo spuldze sl\u0113pta balta stikl\u0101, ko ieskauj d\u016bmakot\u0101 stikla kupols, radot pa\u012bkamu gaismas efektu, kas neb\u016bs trauc\u0113jo\u0161s ac\u012bm. Gaismeklim nepeicie\u0161ama GX53 spuldze, ko var\u0113siet piemekl\u0113t p\u0113c sav\u0101m v\u0113lm\u0113m.<\/p>\n<p>Lielisks risin\u0101jums virs galda, letes vai pie gultas.<\/p>\n","protected":false},"featured_media":161290,"template":"","meta":[],"product_cat":[127,147],"product_tag":[],"class_list":{"0":"post-161286","1":"product","2":"type-product","3":"status-publish","4":"has-post-thumbnail","6":"product_brand-by-boo","7":"product_cat-apgaismojums","8":"product_cat-dekorativais","10":"first","11":"instock","12":"sale","13":"shipping-taxable","14":"purchasable","15":"product-type-simple","16":"hongo-alternate-image-wrap"},"_links":{"self":[{"href":"https:\/\/4room.lv\/lv\/wp-json\/wp\/v2\/product\/161286","targetHints":{"allow":["GET"]}}],"collection":[{"href":"https:\/\/4room.lv\/lv\/wp-json\/wp\/v2\/product"}],"about":[{"href":"https:\/\/4room.lv\/lv\/wp-json\/wp\/v2\/types\/product"}],"wp:featuredmedia":[{"embeddable":true,"href":"https:\/\/4room.lv\/lv\/wp-json\/wp\/v2\/media\/161290"}],"wp:attachment":[{"href":"https:\/\/4room.lv\/lv\/wp-json\/wp\/v2\/media?parent=161286"}],"wp:term":[{"taxonomy":"product_cat","embeddable":true,"href":"https:\/\/4room.lv\/lv\/wp-json\/wp\/v2\/product_cat?post=161286"},{"taxonomy":"product_tag","embeddable":true,"href":"https:\/\/4room.lv\/lv\/wp-json\/wp\/v2\/product_tag?post=161286"}],"curies":[{"name":"wp","href":"https:\/\/api.w.org\/{rel}","templated":true}]}}