{"id":161299,"date":"2025-10-10T16:12:35","date_gmt":"2025-10-10T13:12:35","guid":{"rendered":"https:\/\/4room.lv\/?post_type=product&#038;p=161299"},"modified":"2025-10-10T16:14:09","modified_gmt":"2025-10-10T13:14:09","slug":"lari-wall-ip44","status":"publish","type":"product","link":"https:\/\/4room.lv\/lv\/veikals\/apgaismojums\/dekorativais\/lari-wall-ip44\/","title":{"rendered":"Lari wall IP44"},"content":{"rendered":"","protected":false},"excerpt":{"rendered":"<p>Unik\u0101la dizaina sienas gaismeklis ar mitrumnotur\u012bbu, kas b\u016bs lieliski piem\u0113rots vannasistabai. Gaismeklis ir integr\u0113ts Led, kas sl\u0113pj\u0101s skaist\u0101 balta stikla kupol\u0101, ko ieksauj caursp\u012b\u012bgs rievots stikls. Deta\u013cas ir melna met\u0101la ar nelielu melnas \u0101das akcentu. Gaisma ir silta, maiga un dimm\u0113jama, ja nepiecie\u0161ams.<\/p>\n<p>&nbsp;<\/p>\n","protected":false},"featured_media":161309,"template":"","meta":[],"product_cat":[1058,127,147],"product_tag":[],"class_list":{"0":"post-161299","1":"product","2":"type-product","3":"status-publish","4":"has-post-thumbnail","6":"product_brand-aromas-del-campo","7":"product_cat-dizaina","8":"product_cat-apgaismojums","9":"product_cat-dekorativais","11":"first","12":"instock","13":"shipping-taxable","14":"purchasable","15":"product-type-simple","16":"hongo-alternate-image-wrap"},"_links":{"self":[{"href":"https:\/\/4room.lv\/lv\/wp-json\/wp\/v2\/product\/161299","targetHints":{"allow":["GET"]}}],"collection":[{"href":"https:\/\/4room.lv\/lv\/wp-json\/wp\/v2\/product"}],"about":[{"href":"https:\/\/4room.lv\/lv\/wp-json\/wp\/v2\/types\/product"}],"wp:featuredmedia":[{"embeddable":true,"href":"https:\/\/4room.lv\/lv\/wp-json\/wp\/v2\/media\/161309"}],"wp:attachment":[{"href":"https:\/\/4room.lv\/lv\/wp-json\/wp\/v2\/media?parent=161299"}],"wp:term":[{"taxonomy":"product_cat","embeddable":true,"href":"https:\/\/4room.lv\/lv\/wp-json\/wp\/v2\/product_cat?post=161299"},{"taxonomy":"product_tag","embeddable":true,"href":"https:\/\/4room.lv\/lv\/wp-json\/wp\/v2\/product_tag?post=161299"}],"curies":[{"name":"wp","href":"https:\/\/api.w.org\/{rel}","templated":true}]}}