{"id":161312,"date":"2025-10-10T16:25:43","date_gmt":"2025-10-10T13:25:43","guid":{"rendered":"https:\/\/4room.lv\/?post_type=product&#038;p=161312"},"modified":"2025-10-10T16:25:43","modified_gmt":"2025-10-10T13:25:43","slug":"tiletastic-brown","status":"publish","type":"product","link":"https:\/\/4room.lv\/lv\/veikals\/mebeles\/galdi\/tiletastic-brown\/","title":{"rendered":"TileTastic brown"},"content":{"rendered":"","protected":false},"excerpt":{"rendered":"<p>Interesants kafijas galdi\u0146\u0161 no glaz\u0113t\u0101m m\u0101la fl\u012bz\u0113m br\u016bn\u0101 ton\u012b. Unik\u0101ls dizaina akcents interjeram.<\/p>\n","protected":false},"featured_media":161316,"template":"","meta":[],"product_cat":[129,142],"product_tag":[],"class_list":{"0":"post-161312","1":"product","2":"type-product","3":"status-publish","4":"has-post-thumbnail","6":"product_brand-by-boo","7":"product_cat-mebeles","8":"product_cat-galdi","10":"first","11":"instock","12":"shipping-taxable","13":"purchasable","14":"product-type-simple","15":"hongo-alternate-image-wrap"},"_links":{"self":[{"href":"https:\/\/4room.lv\/lv\/wp-json\/wp\/v2\/product\/161312","targetHints":{"allow":["GET"]}}],"collection":[{"href":"https:\/\/4room.lv\/lv\/wp-json\/wp\/v2\/product"}],"about":[{"href":"https:\/\/4room.lv\/lv\/wp-json\/wp\/v2\/types\/product"}],"wp:featuredmedia":[{"embeddable":true,"href":"https:\/\/4room.lv\/lv\/wp-json\/wp\/v2\/media\/161316"}],"wp:attachment":[{"href":"https:\/\/4room.lv\/lv\/wp-json\/wp\/v2\/media?parent=161312"}],"wp:term":[{"taxonomy":"product_cat","embeddable":true,"href":"https:\/\/4room.lv\/lv\/wp-json\/wp\/v2\/product_cat?post=161312"},{"taxonomy":"product_tag","embeddable":true,"href":"https:\/\/4room.lv\/lv\/wp-json\/wp\/v2\/product_tag?post=161312"}],"curies":[{"name":"wp","href":"https:\/\/api.w.org\/{rel}","templated":true}]}}