{"id":161367,"date":"2025-10-11T14:28:59","date_gmt":"2025-10-11T11:28:59","guid":{"rendered":"https:\/\/4room.lv\/?post_type=product&#038;p=161367"},"modified":"2025-10-11T14:28:59","modified_gmt":"2025-10-11T11:28:59","slug":"12w-cct-variable-cob-led-recessed-spot","status":"publish","type":"product","link":"https:\/\/4room.lv\/lv\/veikals\/apgaismojums\/arhitekturalais\/12w-cct-variable-cob-led-recessed-spot\/","title":{"rendered":"12W CCT Variable COB LED recessed spot"},"content":{"rendered":"","protected":false},"excerpt":{"rendered":"<p>Griestos ieb\u016bv\u0113jams Led gaismeklis ar labu gaismas atdevi un vid\u0113ju gaismas le\u0146\u0137i. Gaismeklim uz korpusa ir iesp\u0113ja p\u0101rsl\u0113gt un izvel\u0113ties spektru starp 3000\/4000\/5000K. T\u0101dej\u0101di var\u0113siet piel\u0101got gaismas siltumu katrai telpai individu\u0101li. Gaismeklim transformators ir iek\u013cauts un atsevi\u0161\u0137i nav j\u0101ieg\u0101d\u0101j\u0101s. Giasmas avots ir padzi\u013cin\u0101ts korpus\u0101, l\u012bdz ar to ne\u017eilbin\u0101s. Maigi noapa\u013cot\u0101s korpusa malas \u013cauj gaismai maigi izstaroties, izskat\u012bsies labi k\u0101 iesl\u0113gt\u0101 t\u0101 izsl\u0113gt\u0101 veid\u0101.<\/p>\n<p>Lielisks bud\u017eeta gaismeklis, kas der\u0113s daz\u0101dam telp\u0101m un vajadz\u012bbam.<\/p>\n","protected":false},"featured_media":161368,"template":"","meta":[],"product_cat":[127,148],"product_tag":[],"class_list":{"0":"post-161367","1":"product","2":"type-product","3":"status-publish","4":"has-post-thumbnail","6":"product_brand-onelight","7":"product_cat-apgaismojums","8":"product_cat-arhitekturalais","10":"first","11":"instock","12":"shipping-taxable","13":"purchasable","14":"product-type-simple","15":"hongo-alternate-image-wrap"},"_links":{"self":[{"href":"https:\/\/4room.lv\/lv\/wp-json\/wp\/v2\/product\/161367","targetHints":{"allow":["GET"]}}],"collection":[{"href":"https:\/\/4room.lv\/lv\/wp-json\/wp\/v2\/product"}],"about":[{"href":"https:\/\/4room.lv\/lv\/wp-json\/wp\/v2\/types\/product"}],"wp:featuredmedia":[{"embeddable":true,"href":"https:\/\/4room.lv\/lv\/wp-json\/wp\/v2\/media\/161368"}],"wp:attachment":[{"href":"https:\/\/4room.lv\/lv\/wp-json\/wp\/v2\/media?parent=161367"}],"wp:term":[{"taxonomy":"product_cat","embeddable":true,"href":"https:\/\/4room.lv\/lv\/wp-json\/wp\/v2\/product_cat?post=161367"},{"taxonomy":"product_tag","embeddable":true,"href":"https:\/\/4room.lv\/lv\/wp-json\/wp\/v2\/product_tag?post=161367"}],"curies":[{"name":"wp","href":"https:\/\/api.w.org\/{rel}","templated":true}]}}