{"id":161399,"date":"2025-10-11T19:53:25","date_gmt":"2025-10-11T16:53:25","guid":{"rendered":"https:\/\/4room.lv\/?post_type=product&#038;p=161399"},"modified":"2025-10-11T19:53:25","modified_gmt":"2025-10-11T16:53:25","slug":"gaismeklis-ventilators-dark-wood","status":"publish","type":"product","link":"https:\/\/4room.lv\/lv\/veikals\/apgaismojums\/dekorativais\/gaismeklis-ventilators-dark-wood\/","title":{"rendered":"Gaismeklis ventilators Dark wood"},"content":{"rendered":"","protected":false},"excerpt":{"rendered":"<p>Elegants griestu gaismeklis un ventilators. Melna met\u0101la b\u0101ze, kur centr\u0101 Led apgaismojums, kam iesp\u0113jams regul\u0113t gaismas intensit\u0101ti un spektru. melnajai metala b\u0101zei ide\u0101lai saska\u0146ai ir valrieksta to\u0146a koka sventilatora sp\u0101rni. Ventilator var sl\u0113gt atsevi\u0161\u0137i no gaismas, l\u012bdz ar to to var tur\u0113t iesl\u0113gtu ar\u012b bez apgaismojuma, vai izsl\u0113gtu atst\u0101jot gaismu iesl\u0113gtu. Tam ir vir\u0101ki jaudas re\u017e\u012bmi, k\u0101 ar\u012b tas ir kluss un netrauc\u0113s j\u016bsu ikdienai.<\/p>\n<p>B\u016bs piem\u0113rots neliel\u0101m l\u012bdz vid\u0113jas kvadrat\u016bras telp\u0101m.<\/p>\n","protected":false},"featured_media":161400,"template":"","meta":[],"product_cat":[127,148,147],"product_tag":[],"class_list":{"0":"post-161399","1":"product","2":"type-product","3":"status-publish","4":"has-post-thumbnail","6":"product_brand-onelight","7":"product_cat-apgaismojums","8":"product_cat-arhitekturalais","9":"product_cat-dekorativais","11":"first","12":"instock","13":"shipping-taxable","14":"purchasable","15":"product-type-simple"},"_links":{"self":[{"href":"https:\/\/4room.lv\/lv\/wp-json\/wp\/v2\/product\/161399","targetHints":{"allow":["GET"]}}],"collection":[{"href":"https:\/\/4room.lv\/lv\/wp-json\/wp\/v2\/product"}],"about":[{"href":"https:\/\/4room.lv\/lv\/wp-json\/wp\/v2\/types\/product"}],"wp:featuredmedia":[{"embeddable":true,"href":"https:\/\/4room.lv\/lv\/wp-json\/wp\/v2\/media\/161400"}],"wp:attachment":[{"href":"https:\/\/4room.lv\/lv\/wp-json\/wp\/v2\/media?parent=161399"}],"wp:term":[{"taxonomy":"product_cat","embeddable":true,"href":"https:\/\/4room.lv\/lv\/wp-json\/wp\/v2\/product_cat?post=161399"},{"taxonomy":"product_tag","embeddable":true,"href":"https:\/\/4room.lv\/lv\/wp-json\/wp\/v2\/product_tag?post=161399"}],"curies":[{"name":"wp","href":"https:\/\/api.w.org\/{rel}","templated":true}]}}