{"id":161409,"date":"2025-10-11T20:42:49","date_gmt":"2025-10-11T17:42:49","guid":{"rendered":"https:\/\/4room.lv\/?post_type=product&#038;p=161409"},"modified":"2025-12-28T19:18:56","modified_gmt":"2025-12-28T17:18:56","slug":"dining-table-almira-round-walnut","status":"publish","type":"product","link":"https:\/\/4room.lv\/lv\/veikals\/mebeles\/galdi\/dining-table-almira-round-walnut\/","title":{"rendered":"Dining Table Almira Round Walnut"},"content":{"rendered":"","protected":false},"excerpt":{"rendered":"<p>Elegants \u0113damgalds un izteiksm\u012bgas valrieksta to\u0146a k\u0101jas, ar apa\u013cu virsu, kas ir mat\u0113ta balt\u0101 marmora rakst\u0101 ar pel\u0113ku dz\u012bslojumu. Virsma ir \u012bpa\u0161i notur\u012bga pret skrap\u0113jumiem.<\/p>\n<p>S\u0113rij\u0101 ir ar\u012b ozolkoka k\u0101jas tonis, k\u0101 ar\u012b pieejams taisnst\u016bra versij\u0101. Ja neatrodiet m\u016bsu lap\u0101, tad dro\u0161i vaic\u0101jiet mums.<\/p>\n","protected":false},"featured_media":161413,"template":"","meta":[],"product_cat":[129,142],"product_tag":[],"class_list":{"0":"post-161409","1":"product","2":"type-product","3":"status-publish","4":"has-post-thumbnail","6":"product_brand-dutch-bone","7":"product_brand-white-label-living","8":"product_brand-zuiver","9":"product_cat-mebeles","10":"product_cat-galdi","12":"first","13":"instock","14":"shipping-taxable","15":"purchasable","16":"product-type-simple","17":"hongo-alternate-image-wrap"},"_links":{"self":[{"href":"https:\/\/4room.lv\/lv\/wp-json\/wp\/v2\/product\/161409","targetHints":{"allow":["GET"]}}],"collection":[{"href":"https:\/\/4room.lv\/lv\/wp-json\/wp\/v2\/product"}],"about":[{"href":"https:\/\/4room.lv\/lv\/wp-json\/wp\/v2\/types\/product"}],"wp:featuredmedia":[{"embeddable":true,"href":"https:\/\/4room.lv\/lv\/wp-json\/wp\/v2\/media\/161413"}],"wp:attachment":[{"href":"https:\/\/4room.lv\/lv\/wp-json\/wp\/v2\/media?parent=161409"}],"wp:term":[{"taxonomy":"product_cat","embeddable":true,"href":"https:\/\/4room.lv\/lv\/wp-json\/wp\/v2\/product_cat?post=161409"},{"taxonomy":"product_tag","embeddable":true,"href":"https:\/\/4room.lv\/lv\/wp-json\/wp\/v2\/product_tag?post=161409"}],"curies":[{"name":"wp","href":"https:\/\/api.w.org\/{rel}","templated":true}]}}