{"id":161501,"date":"2025-10-17T11:25:40","date_gmt":"2025-10-17T08:25:40","guid":{"rendered":"https:\/\/4room.lv\/?post_type=product&#038;p=161501"},"modified":"2025-10-17T11:25:40","modified_gmt":"2025-10-17T08:25:40","slug":"soli-m-round-coffee-table","status":"publish","type":"product","link":"https:\/\/4room.lv\/lv\/veikals\/mebeles\/galdi\/soli-m-round-coffee-table\/","title":{"rendered":"Soli M round coffee table"},"content":{"rendered":"","protected":false},"excerpt":{"rendered":"<p>M\u016bsdien\u012bgs kafijas galdi\u0146\u0161 uz melna metala b\u0101zes ar tum\u0161i pel\u0113ku keramikas virsmu. Keramisk\u0101 virsa ir notur\u012bga pret skrap\u0113jumiem un karstuma ieteikmi, l\u012bz ar to variet nebaid\u012bties, ka kafijas kr\u016bze saboj\u0101s virsmu.\u00a0 Ask\u0113tiskais dizains padara galdi\u0146u par \u0113rti kombin\u0113jamu interjera priek\u0161metu, kas lab ieder\u0113sies vida\u017e\u0101d\u0101kajos interjeros.<\/p>\n","protected":false},"featured_media":161502,"template":"","meta":[],"product_cat":[129,142],"product_tag":[],"class_list":{"0":"post-161501","1":"product","2":"type-product","3":"status-publish","4":"has-post-thumbnail","6":"product_cat-mebeles","7":"product_cat-galdi","9":"first","10":"instock","11":"sale","12":"shipping-taxable","13":"purchasable","14":"product-type-simple","15":"hongo-alternate-image-wrap"},"_links":{"self":[{"href":"https:\/\/4room.lv\/lv\/wp-json\/wp\/v2\/product\/161501","targetHints":{"allow":["GET"]}}],"collection":[{"href":"https:\/\/4room.lv\/lv\/wp-json\/wp\/v2\/product"}],"about":[{"href":"https:\/\/4room.lv\/lv\/wp-json\/wp\/v2\/types\/product"}],"wp:featuredmedia":[{"embeddable":true,"href":"https:\/\/4room.lv\/lv\/wp-json\/wp\/v2\/media\/161502"}],"wp:attachment":[{"href":"https:\/\/4room.lv\/lv\/wp-json\/wp\/v2\/media?parent=161501"}],"wp:term":[{"taxonomy":"product_cat","embeddable":true,"href":"https:\/\/4room.lv\/lv\/wp-json\/wp\/v2\/product_cat?post=161501"},{"taxonomy":"product_tag","embeddable":true,"href":"https:\/\/4room.lv\/lv\/wp-json\/wp\/v2\/product_tag?post=161501"}],"curies":[{"name":"wp","href":"https:\/\/api.w.org\/{rel}","templated":true}]}}