{"id":161636,"date":"2025-09-13T18:01:08","date_gmt":"2025-09-13T15:01:08","guid":{"rendered":"https:\/\/4room.lv\/?post_type=product&#038;p=161636"},"modified":"2026-02-22T17:54:54","modified_gmt":"2026-02-22T15:54:54","slug":"bonnie-3-seater","status":"publish","type":"product","link":"https:\/\/4room.lv\/lv\/veikals\/mebeles\/divani\/bonnie-3-seater\/","title":{"rendered":"Bonnie 3 seater"},"content":{"rendered":"","protected":false},"excerpt":{"rendered":"<p>Elegants un m\u012bksts d\u012bv\u0101ns, maig\u0101 b\u0113\u0161\u0101 audum\u0101, kas ir pat\u012bkams taustei. Tam ir noapa\u013cotas malas, kas dizainu padara aktu\u0101lu. \u0160is modelis ieder\u0113sies k\u0101 klasiskos, t\u0101 modernos interjeros, padarot to par nek\u013c\u016bdainu izv\u0113li tiem kas augstu v\u0113rt\u0113 gan komfortu, gan dizainu.<\/p>\n<p>D\u012bv\u0101ns tiek ra\u017eots p\u0113c pas\u016bt\u012bjuma, l\u012bdz ar to ir iesp\u0113ja izvel\u0113ties ar\u012b citas apdares, piel\u0101gojot materi\u0101lu un toni sav\u0101m velm\u0113m. Audumu paraugi pieejami pie mums salon\u0101 Spice Home.<\/p>\n<p>&nbsp;<\/p>\n","protected":false},"featured_media":161637,"template":"","meta":[],"product_cat":[129,145],"product_tag":[],"class_list":{"0":"post-161636","1":"product","2":"type-product","3":"status-publish","4":"has-post-thumbnail","6":"product_brand-sits","7":"product_cat-mebeles","8":"product_cat-divani","10":"first","11":"instock","12":"shipping-taxable","13":"purchasable","14":"product-type-simple","15":"hongo-alternate-image-wrap"},"_links":{"self":[{"href":"https:\/\/4room.lv\/lv\/wp-json\/wp\/v2\/product\/161636","targetHints":{"allow":["GET"]}}],"collection":[{"href":"https:\/\/4room.lv\/lv\/wp-json\/wp\/v2\/product"}],"about":[{"href":"https:\/\/4room.lv\/lv\/wp-json\/wp\/v2\/types\/product"}],"wp:featuredmedia":[{"embeddable":true,"href":"https:\/\/4room.lv\/lv\/wp-json\/wp\/v2\/media\/161637"}],"wp:attachment":[{"href":"https:\/\/4room.lv\/lv\/wp-json\/wp\/v2\/media?parent=161636"}],"wp:term":[{"taxonomy":"product_cat","embeddable":true,"href":"https:\/\/4room.lv\/lv\/wp-json\/wp\/v2\/product_cat?post=161636"},{"taxonomy":"product_tag","embeddable":true,"href":"https:\/\/4room.lv\/lv\/wp-json\/wp\/v2\/product_tag?post=161636"}],"curies":[{"name":"wp","href":"https:\/\/api.w.org\/{rel}","templated":true}]}}