{"id":161667,"date":"2025-11-20T17:34:03","date_gmt":"2025-11-20T15:34:03","guid":{"rendered":"https:\/\/4room.lv\/?post_type=product&#038;p=161667"},"modified":"2025-12-28T19:18:56","modified_gmt":"2025-12-28T17:18:56","slug":"coffee-table-li","status":"publish","type":"product","link":"https:\/\/4room.lv\/lv\/veikals\/mebeles\/galdi\/coffee-table-li\/","title":{"rendered":"Coffee Table Li"},"content":{"rendered":"","protected":false},"excerpt":{"rendered":"<p>M\u016bsdien\u012bgs kafijas galdi\u0146u komplekts uz melna met\u0101la r\u0101mja ar melna stikla virsmu. Kombin\u0113ti 80 un 60cm diametra galdi\u0146i d\u0101\u017e\u0101dos augstumus, kas pies\u0137ir dinamiku dizainam un palielina izmantojamo virsmu. Skaists risin\u0101jums, kas ieder\u0113sies da\u017e\u0101dos interjeros.<\/p>\n","protected":false},"featured_media":161668,"template":"","meta":[],"product_cat":[129,142],"product_tag":[],"class_list":{"0":"post-161667","1":"product","2":"type-product","3":"status-publish","4":"has-post-thumbnail","6":"product_brand-dutch-bone","7":"product_brand-white-label-living","8":"product_brand-zuiver","9":"product_cat-mebeles","10":"product_cat-galdi","12":"first","13":"instock","14":"shipping-taxable","15":"purchasable","16":"product-type-simple"},"_links":{"self":[{"href":"https:\/\/4room.lv\/lv\/wp-json\/wp\/v2\/product\/161667","targetHints":{"allow":["GET"]}}],"collection":[{"href":"https:\/\/4room.lv\/lv\/wp-json\/wp\/v2\/product"}],"about":[{"href":"https:\/\/4room.lv\/lv\/wp-json\/wp\/v2\/types\/product"}],"wp:featuredmedia":[{"embeddable":true,"href":"https:\/\/4room.lv\/lv\/wp-json\/wp\/v2\/media\/161668"}],"wp:attachment":[{"href":"https:\/\/4room.lv\/lv\/wp-json\/wp\/v2\/media?parent=161667"}],"wp:term":[{"taxonomy":"product_cat","embeddable":true,"href":"https:\/\/4room.lv\/lv\/wp-json\/wp\/v2\/product_cat?post=161667"},{"taxonomy":"product_tag","embeddable":true,"href":"https:\/\/4room.lv\/lv\/wp-json\/wp\/v2\/product_tag?post=161667"}],"curies":[{"name":"wp","href":"https:\/\/api.w.org\/{rel}","templated":true}]}}