{"id":161856,"date":"2025-07-25T16:28:14","date_gmt":"2025-07-25T13:28:14","guid":{"rendered":"https:\/\/4room.lv\/?post_type=product&#038;p=161856"},"modified":"2026-02-22T17:53:49","modified_gmt":"2026-02-22T15:53:49","slug":"pendant-lamp-branch","status":"publish","type":"product","link":"https:\/\/4room.lv\/lv\/veikals\/apgaismojums\/dekorativais\/pendant-lamp-branch\/","title":{"rendered":"Pendant Lamp Branch"},"content":{"rendered":"","protected":false},"excerpt":{"rendered":"<p>Dabas iedvesmots gaismek\u013ca dizains, kas atg\u0101dina koka zaru. Elegants stikls dazados to\u0146os ar fakt\u016bru uz metala b\u0101zes. M\u0101ksliniecisks dizaina objekts, kas rad\u012bs pat\u012bakmu gaismu.<\/p>\n<p>&nbsp;<\/p>\n","protected":false},"featured_media":161986,"template":"","meta":[],"product_cat":[127,147,151],"product_tag":[],"class_list":{"0":"post-161856","1":"product","2":"type-product","3":"status-publish","4":"has-post-thumbnail","6":"product_brand-kare-design","7":"product_cat-apgaismojums","8":"product_cat-dekorativais","9":"product_cat-spuldzes","11":"first","12":"instock","13":"shipping-taxable","14":"purchasable","15":"product-type-simple"},"_links":{"self":[{"href":"https:\/\/4room.lv\/lv\/wp-json\/wp\/v2\/product\/161856","targetHints":{"allow":["GET"]}}],"collection":[{"href":"https:\/\/4room.lv\/lv\/wp-json\/wp\/v2\/product"}],"about":[{"href":"https:\/\/4room.lv\/lv\/wp-json\/wp\/v2\/types\/product"}],"wp:featuredmedia":[{"embeddable":true,"href":"https:\/\/4room.lv\/lv\/wp-json\/wp\/v2\/media\/161986"}],"wp:attachment":[{"href":"https:\/\/4room.lv\/lv\/wp-json\/wp\/v2\/media?parent=161856"}],"wp:term":[{"taxonomy":"product_cat","embeddable":true,"href":"https:\/\/4room.lv\/lv\/wp-json\/wp\/v2\/product_cat?post=161856"},{"taxonomy":"product_tag","embeddable":true,"href":"https:\/\/4room.lv\/lv\/wp-json\/wp\/v2\/product_tag?post=161856"}],"curies":[{"name":"wp","href":"https:\/\/api.w.org\/{rel}","templated":true}]}}