{"id":161866,"date":"2025-05-31T16:38:09","date_gmt":"2025-05-31T13:38:09","guid":{"rendered":"https:\/\/4room.lv\/?post_type=product&#038;p=161866"},"modified":"2026-02-22T19:38:35","modified_gmt":"2026-02-22T17:38:35","slug":"pendant-lamp-sutton","status":"publish","type":"product","link":"https:\/\/4room.lv\/lv\/veikals\/apgaismojums\/spuldzes\/pendant-lamp-sutton\/","title":{"rendered":"Pendant lamp SUTTON"},"content":{"rendered":"","protected":false},"excerpt":{"rendered":"<p>Radiet maigu, atmosf\u0113risku mirdzumu ar baltiem auduma aba\u017e\u016briem.<\/p>\n","protected":false},"featured_media":161867,"template":"","meta":[],"product_cat":[980,1058,127,151],"product_tag":[],"class_list":{"0":"post-161866","1":"product","2":"type-product","3":"status-publish","4":"has-post-thumbnail","6":"product_brand-cosmolight","7":"product_cat-abazuri","8":"product_cat-dizaina","9":"product_cat-apgaismojums","10":"product_cat-spuldzes","12":"first","13":"instock","14":"shipping-taxable","15":"purchasable","16":"product-type-simple","17":"hongo-alternate-image-wrap"},"_links":{"self":[{"href":"https:\/\/4room.lv\/lv\/wp-json\/wp\/v2\/product\/161866","targetHints":{"allow":["GET"]}}],"collection":[{"href":"https:\/\/4room.lv\/lv\/wp-json\/wp\/v2\/product"}],"about":[{"href":"https:\/\/4room.lv\/lv\/wp-json\/wp\/v2\/types\/product"}],"wp:featuredmedia":[{"embeddable":true,"href":"https:\/\/4room.lv\/lv\/wp-json\/wp\/v2\/media\/161867"}],"wp:attachment":[{"href":"https:\/\/4room.lv\/lv\/wp-json\/wp\/v2\/media?parent=161866"}],"wp:term":[{"taxonomy":"product_cat","embeddable":true,"href":"https:\/\/4room.lv\/lv\/wp-json\/wp\/v2\/product_cat?post=161866"},{"taxonomy":"product_tag","embeddable":true,"href":"https:\/\/4room.lv\/lv\/wp-json\/wp\/v2\/product_tag?post=161866"}],"curies":[{"name":"wp","href":"https:\/\/api.w.org\/{rel}","templated":true}]}}