{"id":162035,"date":"2026-01-21T20:57:11","date_gmt":"2026-01-21T18:57:11","guid":{"rendered":"https:\/\/4room.lv\/?post_type=product&#038;p=162035"},"modified":"2026-03-13T11:01:14","modified_gmt":"2026-03-13T09:01:14","slug":"cct-variable-20w-led-plafo-ip65","status":"publish","type":"product","link":"https:\/\/4room.lv\/lv\/veikals\/apgaismojums\/dekorativais\/cct-variable-20w-led-plafo-ip65\/","title":{"rendered":"CCT Variable 20W LED Plafo IP65"},"content":{"rendered":"","protected":false},"excerpt":{"rendered":"<p>Griestu Led gaismeklis ar sl\u0113dzi spektra izv\u0113lei. P\u0101rsl\u0113dzot gaismek\u013ca koprus\u0101 eso\u0161o sl\u0113dzu, var nomain\u012bt gaismas spektru no silti balta un v\u0113si baltu.\u00a0 Tas ir ar augstu mmitrumnotur\u012bbu, l\u012bdz ar to gaismeklis lietojams k\u0101 iek\u0161telp\u0101s, t\u0101 \u0101r\u0101.<\/p>\n<p>M\u016bsdien\u012bgs minim\u0101listisks dizains, kas ieder\u0113sies da\u017e\u0101dos scen\u0101rijos un pat\u012bkama gaisma.<\/p>\n","protected":false},"featured_media":162036,"template":"","meta":[],"product_cat":[127,150,148,147,149],"product_tag":[],"class_list":{"0":"post-162035","1":"product","2":"type-product","3":"status-publish","4":"has-post-thumbnail","6":"product_brand-onelight","7":"product_cat-apgaismojums","8":"product_cat-ara","9":"product_cat-arhitekturalais","10":"product_cat-dekorativais","11":"product_cat-industrialais","13":"first","14":"instock","15":"shipping-taxable","16":"purchasable","17":"product-type-simple"},"_links":{"self":[{"href":"https:\/\/4room.lv\/lv\/wp-json\/wp\/v2\/product\/162035","targetHints":{"allow":["GET"]}}],"collection":[{"href":"https:\/\/4room.lv\/lv\/wp-json\/wp\/v2\/product"}],"about":[{"href":"https:\/\/4room.lv\/lv\/wp-json\/wp\/v2\/types\/product"}],"wp:featuredmedia":[{"embeddable":true,"href":"https:\/\/4room.lv\/lv\/wp-json\/wp\/v2\/media\/162036"}],"wp:attachment":[{"href":"https:\/\/4room.lv\/lv\/wp-json\/wp\/v2\/media?parent=162035"}],"wp:term":[{"taxonomy":"product_cat","embeddable":true,"href":"https:\/\/4room.lv\/lv\/wp-json\/wp\/v2\/product_cat?post=162035"},{"taxonomy":"product_tag","embeddable":true,"href":"https:\/\/4room.lv\/lv\/wp-json\/wp\/v2\/product_tag?post=162035"}],"curies":[{"name":"wp","href":"https:\/\/api.w.org\/{rel}","templated":true}]}}