{"id":162075,"date":"2026-02-22T13:55:54","date_gmt":"2026-02-22T11:55:54","guid":{"rendered":"https:\/\/4room.lv\/?post_type=product&#038;p=162075"},"modified":"2026-02-22T13:57:57","modified_gmt":"2026-02-22T11:57:57","slug":"sandro-table-lamp-yellow","status":"publish","type":"product","link":"https:\/\/4room.lv\/lv\/veikals\/apgaismojums\/dekorativais\/sandro-table-lamp-yellow\/","title":{"rendered":"Sandro Table lamp Yellow"},"content":{"rendered":"","protected":false},"excerpt":{"rendered":"<p>M\u016bsdien\u012bga un piem\u012bl\u012bga galda lampa, kas b\u016bs svaigs akcent interjeram. DIzaineru komanda Says Who rad\u012bjusi so aktu\u0101lo dizainu iedvesmojoties no aktualit\u0101t\u0113m dizaina pasaul\u0113, inegr\u0113jot dizain\u0101 formas un to\u0146us. Izmantotais tonis ir PANTONE 12-0718 TPG. T\u0101dej\u0101di radot aktu\u0101lu gaismekli, kas ienes\u012bs m\u016bsdien\u012bgas v\u0113smas j\u016bsu interjer\u0101.<\/p>\n<p>Gaismeklim nepiecie\u0161ma maz\u0101 G45 E27 spuldze.<\/p>\n<p>&nbsp;<\/p>\n","protected":false},"featured_media":162088,"template":"","meta":[],"product_cat":[127,147],"product_tag":[],"class_list":{"0":"post-162075","1":"product","2":"type-product","3":"status-publish","4":"has-post-thumbnail","6":"product_brand-nordlux","7":"product_cat-apgaismojums","8":"product_cat-dekorativais","10":"first","11":"instock","12":"shipping-taxable","13":"purchasable","14":"product-type-simple","15":"hongo-alternate-image-wrap"},"_links":{"self":[{"href":"https:\/\/4room.lv\/lv\/wp-json\/wp\/v2\/product\/162075","targetHints":{"allow":["GET"]}}],"collection":[{"href":"https:\/\/4room.lv\/lv\/wp-json\/wp\/v2\/product"}],"about":[{"href":"https:\/\/4room.lv\/lv\/wp-json\/wp\/v2\/types\/product"}],"wp:featuredmedia":[{"embeddable":true,"href":"https:\/\/4room.lv\/lv\/wp-json\/wp\/v2\/media\/162088"}],"wp:attachment":[{"href":"https:\/\/4room.lv\/lv\/wp-json\/wp\/v2\/media?parent=162075"}],"wp:term":[{"taxonomy":"product_cat","embeddable":true,"href":"https:\/\/4room.lv\/lv\/wp-json\/wp\/v2\/product_cat?post=162075"},{"taxonomy":"product_tag","embeddable":true,"href":"https:\/\/4room.lv\/lv\/wp-json\/wp\/v2\/product_tag?post=162075"}],"curies":[{"name":"wp","href":"https:\/\/api.w.org\/{rel}","templated":true}]}}