{"id":162117,"date":"2026-02-22T14:56:37","date_gmt":"2026-02-22T12:56:37","guid":{"rendered":"https:\/\/4room.lv\/?post_type=product&#038;p=162117"},"modified":"2026-02-22T14:56:37","modified_gmt":"2026-02-22T12:56:37","slug":"side-table-naut-set-of-2","status":"publish","type":"product","link":"https:\/\/4room.lv\/lv\/veikals\/mebeles\/galdi\/side-table-naut-set-of-2\/","title":{"rendered":"Side Table Naut Set of 2"},"content":{"rendered":"","protected":false},"excerpt":{"rendered":"<p>Galdi\u0146u komplekts organisk\u0101s form\u0101s, eleganti br\u016bnos to\u0146os. Galdi\u0146u p\u0113das ir no mango koka, ton\u0113tas valriekstu br\u016bn\u0101 ton\u012b. Virsma ir keramikas, br\u016bn\u0101 akmens rakst\u0101. \u0160o divu galdi\u0146u kompoz\u012bcija b\u016bs interesants interjera papildin\u0101jums aktu\u0101l\u0101 dizain\u0101.<\/p>\n","protected":false},"featured_media":162133,"template":"","meta":[],"product_cat":[129,142],"product_tag":[],"class_list":{"0":"post-162117","1":"product","2":"type-product","3":"status-publish","4":"has-post-thumbnail","6":"product_brand-white-label-living","7":"product_brand-zuiver","8":"product_cat-mebeles","9":"product_cat-galdi","11":"first","12":"instock","13":"shipping-taxable","14":"purchasable","15":"product-type-simple","16":"hongo-alternate-image-wrap"},"_links":{"self":[{"href":"https:\/\/4room.lv\/lv\/wp-json\/wp\/v2\/product\/162117","targetHints":{"allow":["GET"]}}],"collection":[{"href":"https:\/\/4room.lv\/lv\/wp-json\/wp\/v2\/product"}],"about":[{"href":"https:\/\/4room.lv\/lv\/wp-json\/wp\/v2\/types\/product"}],"wp:featuredmedia":[{"embeddable":true,"href":"https:\/\/4room.lv\/lv\/wp-json\/wp\/v2\/media\/162133"}],"wp:attachment":[{"href":"https:\/\/4room.lv\/lv\/wp-json\/wp\/v2\/media?parent=162117"}],"wp:term":[{"taxonomy":"product_cat","embeddable":true,"href":"https:\/\/4room.lv\/lv\/wp-json\/wp\/v2\/product_cat?post=162117"},{"taxonomy":"product_tag","embeddable":true,"href":"https:\/\/4room.lv\/lv\/wp-json\/wp\/v2\/product_tag?post=162117"}],"curies":[{"name":"wp","href":"https:\/\/api.w.org\/{rel}","templated":true}]}}