{"id":162162,"date":"2026-02-22T18:49:30","date_gmt":"2026-02-22T16:49:30","guid":{"rendered":"https:\/\/4room.lv\/?post_type=product&#038;p=162162"},"modified":"2026-02-22T18:55:26","modified_gmt":"2026-02-22T16:55:26","slug":"rock-14-alabaster-wall-lamp-ip44","status":"publish","type":"product","link":"https:\/\/4room.lv\/lv\/veikals\/apgaismojums\/dekorativais\/rock-14-alabaster-wall-lamp-ip44\/","title":{"rendered":"Rock 14 alabaster wall lamp IP44"},"content":{"rendered":"","protected":false},"excerpt":{"rendered":"<p>Dab\u012bg\u0101 alabastera Led gaismeklis, kas piem\u0113rots ar\u012b mitr\u0101m telp\u0101m. Maig\u0101 gaisma izce\u013c akmens dab\u012bgo dz\u012bslojumu, radot gaismek\u013cus, kas katrs b\u016bs ar savu unik\u0101lo rakstu. Gaismek\u013ca stirpin\u0101jums ir melna met\u0101la. Gaismeklis b\u016bs elegants, m\u016bsdien\u012bgs un bag\u0101t\u012bgs akcents interejera dizain\u0101. Tas kalpos ne tikai k\u0101 gaismas avots, bet ar\u012b k\u0101 dizaina odzi\u0146a.<\/p>\n","protected":false},"featured_media":162181,"template":"","meta":[],"product_cat":[1058,127,147],"product_tag":[],"class_list":{"0":"post-162162","1":"product","2":"type-product","3":"status-publish","4":"has-post-thumbnail","6":"product_cat-dizaina","7":"product_cat-apgaismojums","8":"product_cat-dekorativais","10":"first","11":"instock","12":"shipping-taxable","13":"purchasable","14":"product-type-simple","15":"hongo-alternate-image-wrap"},"_links":{"self":[{"href":"https:\/\/4room.lv\/lv\/wp-json\/wp\/v2\/product\/162162","targetHints":{"allow":["GET"]}}],"collection":[{"href":"https:\/\/4room.lv\/lv\/wp-json\/wp\/v2\/product"}],"about":[{"href":"https:\/\/4room.lv\/lv\/wp-json\/wp\/v2\/types\/product"}],"wp:featuredmedia":[{"embeddable":true,"href":"https:\/\/4room.lv\/lv\/wp-json\/wp\/v2\/media\/162181"}],"wp:attachment":[{"href":"https:\/\/4room.lv\/lv\/wp-json\/wp\/v2\/media?parent=162162"}],"wp:term":[{"taxonomy":"product_cat","embeddable":true,"href":"https:\/\/4room.lv\/lv\/wp-json\/wp\/v2\/product_cat?post=162162"},{"taxonomy":"product_tag","embeddable":true,"href":"https:\/\/4room.lv\/lv\/wp-json\/wp\/v2\/product_tag?post=162162"}],"curies":[{"name":"wp","href":"https:\/\/api.w.org\/{rel}","templated":true}]}}