{"id":162207,"date":"2026-02-22T19:21:16","date_gmt":"2026-02-22T17:21:16","guid":{"rendered":"https:\/\/4room.lv\/?post_type=product&#038;p=162207"},"modified":"2026-02-22T19:21:16","modified_gmt":"2026-02-22T17:21:16","slug":"vase-edna-s-red","status":"publish","type":"product","link":"https:\/\/4room.lv\/lv\/veikals\/interjeram\/vazes\/vase-edna-s-red\/","title":{"rendered":"Vase Edna S Red"},"content":{"rendered":"","protected":false},"excerpt":{"rendered":"<p>Organiska dizaina keramikas v\u0101ze, gardi sarkan\u0101 ton\u012b. T\u0101 b\u016bs lieliska odzi\u0146a interjeram sev vai ko\u0161a d\u0101vana citiem!<\/p>\n","protected":false},"featured_media":162208,"template":"","meta":[],"product_cat":[130,136],"product_tag":[],"class_list":{"0":"post-162207","1":"product","2":"type-product","3":"status-publish","4":"has-post-thumbnail","6":"product_brand-dutch-bone","7":"product_brand-zuiver","8":"product_cat-interjeram","9":"product_cat-vazes","11":"first","12":"instock","13":"shipping-taxable","14":"purchasable","15":"product-type-simple","16":"hongo-alternate-image-wrap"},"_links":{"self":[{"href":"https:\/\/4room.lv\/lv\/wp-json\/wp\/v2\/product\/162207","targetHints":{"allow":["GET"]}}],"collection":[{"href":"https:\/\/4room.lv\/lv\/wp-json\/wp\/v2\/product"}],"about":[{"href":"https:\/\/4room.lv\/lv\/wp-json\/wp\/v2\/types\/product"}],"wp:featuredmedia":[{"embeddable":true,"href":"https:\/\/4room.lv\/lv\/wp-json\/wp\/v2\/media\/162208"}],"wp:attachment":[{"href":"https:\/\/4room.lv\/lv\/wp-json\/wp\/v2\/media?parent=162207"}],"wp:term":[{"taxonomy":"product_cat","embeddable":true,"href":"https:\/\/4room.lv\/lv\/wp-json\/wp\/v2\/product_cat?post=162207"},{"taxonomy":"product_tag","embeddable":true,"href":"https:\/\/4room.lv\/lv\/wp-json\/wp\/v2\/product_tag?post=162207"}],"curies":[{"name":"wp","href":"https:\/\/api.w.org\/{rel}","templated":true}]}}