{"id":162281,"date":"2026-03-14T13:24:49","date_gmt":"2026-03-14T11:24:49","guid":{"rendered":"https:\/\/4room.lv\/?post_type=product&#038;p=162281"},"modified":"2026-03-14T13:24:49","modified_gmt":"2026-03-14T11:24:49","slug":"coffee-table-bloop-large-green","status":"publish","type":"product","link":"https:\/\/4room.lv\/lv\/veikals\/mebeles\/galdi\/coffee-table-bloop-large-green\/","title":{"rendered":"Coffee table Bloop large &#8211; green"},"content":{"rendered":"","protected":false},"excerpt":{"rendered":"<p>Bloop b\u016bs lieliska izv\u0113le tiem, kas v\u0113l\u0101s svaigas v\u0113smas sav\u0101 interjer\u0101. Aktu\u0101ls dizains un iedvesmojo\u0161s tonis, iespaid\u012bg\u0101 80cm izm\u0113r\u0101. Galds ir met\u0101la, ar glanc\u0113tu kr\u0101sojumu unik\u0101li za\u013c\u0101 ton\u012b. Lieliski izskat\u012bsies kop\u0101 ar retro dizainu un zemes to\u0146iem, t\u0101 pat sadz\u012bvos ar paste\u013ciem ekscentrisk\u0101kos interjeros, k\u0101 ar\u012b b\u016bs izteiksm\u012bgs akcents\u00a0 neitr\u0101los interjeros k\u0101 odzi\u0146a. Galds kalpos ne tikai k\u0101 m\u0113bele, bet ar\u012b k\u0101 dizaina priek\u0161mets.<\/p>\n<p>Modelis pieejams da\u017e\u0101dos izm\u0113ros, k\u0101 ar\u012b b\u0113\u0161a ton\u012b. Ja neatrodiet lap\u0101, tad dro\u0161i vaic\u0101jiet mums.<\/p>\n","protected":false},"featured_media":162285,"template":"","meta":[],"product_cat":[129,142],"product_tag":[],"class_list":{"0":"post-162281","1":"product","2":"type-product","3":"status-publish","4":"has-post-thumbnail","6":"product_brand-by-boo","7":"product_cat-mebeles","8":"product_cat-galdi","10":"first","11":"instock","12":"shipping-taxable","13":"purchasable","14":"product-type-simple","15":"hongo-alternate-image-wrap"},"_links":{"self":[{"href":"https:\/\/4room.lv\/lv\/wp-json\/wp\/v2\/product\/162281","targetHints":{"allow":["GET"]}}],"collection":[{"href":"https:\/\/4room.lv\/lv\/wp-json\/wp\/v2\/product"}],"about":[{"href":"https:\/\/4room.lv\/lv\/wp-json\/wp\/v2\/types\/product"}],"wp:featuredmedia":[{"embeddable":true,"href":"https:\/\/4room.lv\/lv\/wp-json\/wp\/v2\/media\/162285"}],"wp:attachment":[{"href":"https:\/\/4room.lv\/lv\/wp-json\/wp\/v2\/media?parent=162281"}],"wp:term":[{"taxonomy":"product_cat","embeddable":true,"href":"https:\/\/4room.lv\/lv\/wp-json\/wp\/v2\/product_cat?post=162281"},{"taxonomy":"product_tag","embeddable":true,"href":"https:\/\/4room.lv\/lv\/wp-json\/wp\/v2\/product_tag?post=162281"}],"curies":[{"name":"wp","href":"https:\/\/api.w.org\/{rel}","templated":true}]}}