{"id":162316,"date":"2026-03-14T14:27:57","date_gmt":"2026-03-14T12:27:57","guid":{"rendered":"https:\/\/4room.lv\/?post_type=product&#038;p=162316"},"modified":"2026-03-14T14:28:31","modified_gmt":"2026-03-14T12:28:31","slug":"cabinet-milo-180","status":"publish","type":"product","link":"https:\/\/4room.lv\/lv\/veikals\/mebeles\/plaukti-un-skapji\/cabinet-milo-180\/","title":{"rendered":"Cabinet Milo 180"},"content":{"rendered":"","protected":false},"excerpt":{"rendered":"<p>Eleganta sienas mebele, kas var kalpot k\u0101 plaukts, kumode vai pat Tv m\u0113bele. Ozolkoka r\u0101mis un ozola finier\u0113juma deta\u013cas dab\u012bg\u0101 ton\u012b rad\u012bs m\u0101j\u012bgu saj\u016btu un labi kalpos. Plauktam ir b\u012bd\u0101mas durti\u0146as ar dekorat\u012bvu finier\u0113jumu. Deta\u013cas m\u0113beli padara aktu\u0101lu, kam\u0113r dab\u012bgais koks nekad savu v\u0113rt\u012bbu interjer\u0101 nezaud\u0113.<\/p>\n<p>Liekams gan uz gr\u012bdas, gan stiprin\u0101ms pie sienas.<\/p>\n","protected":false},"featured_media":162317,"template":"","meta":[],"product_cat":[129,143],"product_tag":[],"class_list":{"0":"post-162316","1":"product","2":"type-product","3":"status-publish","4":"has-post-thumbnail","6":"product_brand-eleonora","7":"product_cat-mebeles","8":"product_cat-plaukti-un-skapji","10":"first","11":"instock","12":"shipping-taxable","13":"purchasable","14":"product-type-simple","15":"hongo-alternate-image-wrap"},"_links":{"self":[{"href":"https:\/\/4room.lv\/lv\/wp-json\/wp\/v2\/product\/162316","targetHints":{"allow":["GET"]}}],"collection":[{"href":"https:\/\/4room.lv\/lv\/wp-json\/wp\/v2\/product"}],"about":[{"href":"https:\/\/4room.lv\/lv\/wp-json\/wp\/v2\/types\/product"}],"wp:featuredmedia":[{"embeddable":true,"href":"https:\/\/4room.lv\/lv\/wp-json\/wp\/v2\/media\/162317"}],"wp:attachment":[{"href":"https:\/\/4room.lv\/lv\/wp-json\/wp\/v2\/media?parent=162316"}],"wp:term":[{"taxonomy":"product_cat","embeddable":true,"href":"https:\/\/4room.lv\/lv\/wp-json\/wp\/v2\/product_cat?post=162316"},{"taxonomy":"product_tag","embeddable":true,"href":"https:\/\/4room.lv\/lv\/wp-json\/wp\/v2\/product_tag?post=162316"}],"curies":[{"name":"wp","href":"https:\/\/api.w.org\/{rel}","templated":true}]}}