{"id":162348,"date":"2026-03-14T15:31:15","date_gmt":"2026-03-14T13:31:15","guid":{"rendered":"https:\/\/4room.lv\/?post_type=product&#038;p=162348"},"modified":"2026-03-14T15:32:54","modified_gmt":"2026-03-14T13:32:54","slug":"wall-luminaire-combo","status":"publish","type":"product","link":"https:\/\/4room.lv\/lv\/veikals\/apgaismojums\/dekorativais\/wall-luminaire-combo\/","title":{"rendered":"Wall luminaire Combo"},"content":{"rendered":"","protected":false},"excerpt":{"rendered":"<p>Funkcion\u0101ls un m\u016bsdien\u012bgs sienas gaismeklis. Tam ir integr\u0113ts Led, kam iesp\u0113ja izv\u0113l\u0113ties spektru no silti baltas, baltas vai v\u0113si baltas gaismas re\u017e\u012bmiem. Tai ir \u0113rts las\u0101mspots un pat\u012bkama noska\u0146\u0101s gaisma, ko var iesl\u0113gt atsevi\u0161\u0137i. K\u0101 a\u0157\u012b ir USB C ports, lai variet \u0113rti l\u0101d\u0113t ier\u012bces.<\/p>\n<p>&nbsp;<\/p>\n","protected":false},"featured_media":162349,"template":"","meta":[],"product_cat":[127,147],"product_tag":[],"class_list":{"0":"post-162348","1":"product","2":"type-product","3":"status-publish","4":"has-post-thumbnail","6":"product_brand-maytoni","7":"product_cat-apgaismojums","8":"product_cat-dekorativais","10":"first","11":"instock","12":"shipping-taxable","13":"purchasable","14":"product-type-simple","15":"hongo-alternate-image-wrap"},"_links":{"self":[{"href":"https:\/\/4room.lv\/lv\/wp-json\/wp\/v2\/product\/162348","targetHints":{"allow":["GET"]}}],"collection":[{"href":"https:\/\/4room.lv\/lv\/wp-json\/wp\/v2\/product"}],"about":[{"href":"https:\/\/4room.lv\/lv\/wp-json\/wp\/v2\/types\/product"}],"wp:featuredmedia":[{"embeddable":true,"href":"https:\/\/4room.lv\/lv\/wp-json\/wp\/v2\/media\/162349"}],"wp:attachment":[{"href":"https:\/\/4room.lv\/lv\/wp-json\/wp\/v2\/media?parent=162348"}],"wp:term":[{"taxonomy":"product_cat","embeddable":true,"href":"https:\/\/4room.lv\/lv\/wp-json\/wp\/v2\/product_cat?post=162348"},{"taxonomy":"product_tag","embeddable":true,"href":"https:\/\/4room.lv\/lv\/wp-json\/wp\/v2\/product_tag?post=162348"}],"curies":[{"name":"wp","href":"https:\/\/api.w.org\/{rel}","templated":true}]}}