{"id":162393,"date":"2026-03-14T18:39:13","date_gmt":"2026-03-14T16:39:13","guid":{"rendered":"https:\/\/4room.lv\/?post_type=product&#038;p=162393"},"modified":"2026-03-14T18:39:14","modified_gmt":"2026-03-14T16:39:14","slug":"chair-abram-griggio","status":"publish","type":"product","link":"https:\/\/4room.lv\/lv\/veikals\/mebeles\/kresli\/chair-abram-griggio\/","title":{"rendered":"Chair Abram griggio"},"content":{"rendered":"","protected":false},"excerpt":{"rendered":"<p>Viol\u0113ti pel\u0113ka, &#8220;teddy&#8221; p\u016bkaina auduma kr\u0113sls, daudzpus\u012bg\u0101 dizain\u0101. Vienk\u0101r\u0161 un \u0113rts kr\u0113sls, kas ieder\u0113sies k\u0101 m\u016bsdien\u012bgos, t\u0101 klasiskos interjeros.\u00a0 Tam ir melnas met\u0101la k\u0101jas m\u016bsdien\u012bg\u0101kam dizainam. Lielisksi izskat\u012bsies ar melnu \u0113damgaldu!<\/p>\n","protected":false},"featured_media":162394,"template":"","meta":[],"product_cat":[129,144],"product_tag":[],"class_list":{"0":"post-162393","1":"product","2":"type-product","3":"status-publish","4":"has-post-thumbnail","6":"product_brand-zuiver","7":"product_cat-mebeles","8":"product_cat-kresli","10":"first","11":"instock","12":"shipping-taxable","13":"purchasable","14":"product-type-simple","15":"hongo-alternate-image-wrap"},"_links":{"self":[{"href":"https:\/\/4room.lv\/lv\/wp-json\/wp\/v2\/product\/162393","targetHints":{"allow":["GET"]}}],"collection":[{"href":"https:\/\/4room.lv\/lv\/wp-json\/wp\/v2\/product"}],"about":[{"href":"https:\/\/4room.lv\/lv\/wp-json\/wp\/v2\/types\/product"}],"wp:featuredmedia":[{"embeddable":true,"href":"https:\/\/4room.lv\/lv\/wp-json\/wp\/v2\/media\/162394"}],"wp:attachment":[{"href":"https:\/\/4room.lv\/lv\/wp-json\/wp\/v2\/media?parent=162393"}],"wp:term":[{"taxonomy":"product_cat","embeddable":true,"href":"https:\/\/4room.lv\/lv\/wp-json\/wp\/v2\/product_cat?post=162393"},{"taxonomy":"product_tag","embeddable":true,"href":"https:\/\/4room.lv\/lv\/wp-json\/wp\/v2\/product_tag?post=162393"}],"curies":[{"name":"wp","href":"https:\/\/api.w.org\/{rel}","templated":true}]}}