{"id":162405,"date":"2026-04-02T11:56:00","date_gmt":"2026-04-02T08:56:00","guid":{"rendered":"https:\/\/4room.lv\/?post_type=product&#038;p=162405"},"modified":"2026-04-02T11:56:00","modified_gmt":"2026-04-02T08:56:00","slug":"sideboard-linc-low","status":"publish","type":"product","link":"https:\/\/4room.lv\/lv\/veikals\/mebeles\/plaukti-un-skapji\/sideboard-linc-low\/","title":{"rendered":"Sideboard Linc Low"},"content":{"rendered":"","protected":false},"excerpt":{"rendered":"<p>Kumode ar pievilc\u012bgu \u0161\u016bnu rakstu. Neuzb\u0101z\u012bga dizain\u0101, bet ar akcentu kad ieskaties. Kumodei ir dzelzs r\u0101mis un egles koka apdare, kas kr\u0101sota melna.\u00a0 T\u0101 b\u016bs univers\u0101la m\u0113bele, piem\u0113rota da\u017e\u0101diem risin\u0101jumiem.<\/p>\n","protected":false},"featured_media":162406,"template":"","meta":[],"product_cat":[129,143],"product_tag":[],"class_list":{"0":"post-162405","1":"product","2":"type-product","3":"status-publish","4":"has-post-thumbnail","6":"product_cat-mebeles","7":"product_cat-plaukti-un-skapji","9":"first","10":"instock","11":"sale","12":"shipping-taxable","13":"purchasable","14":"product-type-simple","15":"hongo-alternate-image-wrap"},"_links":{"self":[{"href":"https:\/\/4room.lv\/lv\/wp-json\/wp\/v2\/product\/162405","targetHints":{"allow":["GET"]}}],"collection":[{"href":"https:\/\/4room.lv\/lv\/wp-json\/wp\/v2\/product"}],"about":[{"href":"https:\/\/4room.lv\/lv\/wp-json\/wp\/v2\/types\/product"}],"wp:featuredmedia":[{"embeddable":true,"href":"https:\/\/4room.lv\/lv\/wp-json\/wp\/v2\/media\/162406"}],"wp:attachment":[{"href":"https:\/\/4room.lv\/lv\/wp-json\/wp\/v2\/media?parent=162405"}],"wp:term":[{"taxonomy":"product_cat","embeddable":true,"href":"https:\/\/4room.lv\/lv\/wp-json\/wp\/v2\/product_cat?post=162405"},{"taxonomy":"product_tag","embeddable":true,"href":"https:\/\/4room.lv\/lv\/wp-json\/wp\/v2\/product_tag?post=162405"}],"curies":[{"name":"wp","href":"https:\/\/api.w.org\/{rel}","templated":true}]}}