{"id":162470,"date":"2026-03-12T12:54:32","date_gmt":"2026-03-12T10:54:32","guid":{"rendered":"https:\/\/4room.lv\/?post_type=product&#038;p=162470"},"modified":"2026-04-12T12:54:56","modified_gmt":"2026-04-12T09:54:56","slug":"snop-e27-suspended","status":"publish","type":"product","link":"https:\/\/4room.lv\/lv\/veikals\/apgaismojums\/dekorativais\/snop-e27-suspended\/","title":{"rendered":"SNOP E27 suspended"},"content":{"rendered":"","protected":false},"excerpt":{"rendered":"<p>Stil\u012bgs iek\u0101rtais gaismeklis ar E27 patronu. Rok\u0101m darin\u0101tais aba\u017e\u016brs no auklas ir r\u016bp\u012bgi nostr\u0101d\u0101ts, atbilsto\u0161i AqForm dizaina un kvalit\u0101tes augstajiem standartiem. Snop s\u0113rij\u0101 pieejami da\u017e\u0101di izm\u0113ri un to\u0146i, ar ko sp\u0113l\u0113ties telp\u0101. Rota\u013c\u012bgs gaismeklis ar kuru variet rad\u012bt sev v\u0113lamo t\u0113lu telp\u0101.<\/p>\n<p>&nbsp;<\/p>\n","protected":false},"featured_media":162474,"template":"","meta":[],"product_cat":[127,147],"product_tag":[],"class_list":{"0":"post-162470","1":"product","2":"type-product","3":"status-publish","4":"has-post-thumbnail","6":"product_brand-aqform","7":"product_cat-apgaismojums","8":"product_cat-dekorativais","10":"first","11":"instock","12":"shipping-taxable","13":"purchasable","14":"product-type-simple","15":"hongo-alternate-image-wrap"},"_links":{"self":[{"href":"https:\/\/4room.lv\/lv\/wp-json\/wp\/v2\/product\/162470","targetHints":{"allow":["GET"]}}],"collection":[{"href":"https:\/\/4room.lv\/lv\/wp-json\/wp\/v2\/product"}],"about":[{"href":"https:\/\/4room.lv\/lv\/wp-json\/wp\/v2\/types\/product"}],"wp:featuredmedia":[{"embeddable":true,"href":"https:\/\/4room.lv\/lv\/wp-json\/wp\/v2\/media\/162474"}],"wp:attachment":[{"href":"https:\/\/4room.lv\/lv\/wp-json\/wp\/v2\/media?parent=162470"}],"wp:term":[{"taxonomy":"product_cat","embeddable":true,"href":"https:\/\/4room.lv\/lv\/wp-json\/wp\/v2\/product_cat?post=162470"},{"taxonomy":"product_tag","embeddable":true,"href":"https:\/\/4room.lv\/lv\/wp-json\/wp\/v2\/product_tag?post=162470"}],"curies":[{"name":"wp","href":"https:\/\/api.w.org\/{rel}","templated":true}]}}