{"id":162511,"date":"2026-04-12T19:45:54","date_gmt":"2026-04-12T16:45:54","guid":{"rendered":"https:\/\/4room.lv\/?post_type=product&#038;p=162511"},"modified":"2026-04-12T19:45:54","modified_gmt":"2026-04-12T16:45:54","slug":"seed-coffee-table-mokka","status":"publish","type":"product","link":"https:\/\/4room.lv\/lv\/veikals\/mebeles\/galdi\/seed-coffee-table-mokka\/","title":{"rendered":"Seed coffee table mokka"},"content":{"rendered":"","protected":false},"excerpt":{"rendered":"<p>Japandi stila koka kafijas galds tum\u0161\u0101 ton\u0113jum\u0101. Galds ir no\u00a0 priedes koka, e\u013c\u013cots tum\u0161i br\u016bn\u0101 ton\u012b. Tam ir k\u0101rt\u012bgs izm\u0113rs, lai b\u016btu praktiska m\u0113bele ikdienai, ta\u010du unik\u0101l\u0101 form\u0101 to padar\u012bs ar\u012b par efekt\u012bgu dizaina priek\u0161metu. Ra\u017eots Baltij\u0101.<\/p>\n<p>Pieejams ar\u012b citos to\u0146os, par to dro\u0161i jaut\u0101jiet mums.<\/p>\n<p>&nbsp;<\/p>\n","protected":false},"featured_media":162512,"template":"","meta":[],"product_cat":[129,142],"product_tag":[],"class_list":{"0":"post-162511","1":"product","2":"type-product","3":"status-publish","4":"has-post-thumbnail","6":"product_cat-mebeles","7":"product_cat-galdi","9":"first","10":"instock","11":"shipping-taxable","12":"purchasable","13":"product-type-simple","14":"hongo-alternate-image-wrap"},"_links":{"self":[{"href":"https:\/\/4room.lv\/lv\/wp-json\/wp\/v2\/product\/162511","targetHints":{"allow":["GET"]}}],"collection":[{"href":"https:\/\/4room.lv\/lv\/wp-json\/wp\/v2\/product"}],"about":[{"href":"https:\/\/4room.lv\/lv\/wp-json\/wp\/v2\/types\/product"}],"wp:featuredmedia":[{"embeddable":true,"href":"https:\/\/4room.lv\/lv\/wp-json\/wp\/v2\/media\/162512"}],"wp:attachment":[{"href":"https:\/\/4room.lv\/lv\/wp-json\/wp\/v2\/media?parent=162511"}],"wp:term":[{"taxonomy":"product_cat","embeddable":true,"href":"https:\/\/4room.lv\/lv\/wp-json\/wp\/v2\/product_cat?post=162511"},{"taxonomy":"product_tag","embeddable":true,"href":"https:\/\/4room.lv\/lv\/wp-json\/wp\/v2\/product_tag?post=162511"}],"curies":[{"name":"wp","href":"https:\/\/api.w.org\/{rel}","templated":true}]}}