{"id":162528,"date":"2026-04-18T17:20:39","date_gmt":"2026-04-18T14:20:39","guid":{"rendered":"https:\/\/4room.lv\/?post_type=product&#038;p=162528"},"modified":"2026-04-18T17:52:48","modified_gmt":"2026-04-18T14:52:48","slug":"torino-1-5-seater-chaiselong-%c2%b7-fabric-copparo-%c2%b7-sandy-beige","status":"publish","type":"product","link":"https:\/\/4room.lv\/lv\/veikals\/mebeles\/divani\/torino-1-5-seater-chaiselong-%c2%b7-fabric-copparo-%c2%b7-sandy-beige\/","title":{"rendered":"Torino 1.5 seater + Chaiselong \u00b7 Fabric Copparo \u00b7 Sandy beige"},"content":{"rendered":"","protected":false},"excerpt":{"rendered":"<p>Dekorat\u012bvs un \u0113rts d\u012bv\u0101ns aktu\u0101l\u0101s noapa\u013cot\u0101s form\u0101s. Tas b\u016bs elegants un m\u0101j\u012bgs, kas b\u016b\u0161 centr\u0101ls elements telp\u0101.<\/p>\n<p>&nbsp;<\/p>\n<p>Pieejams da\u017e\u0101dos izm\u0113ros. Pla\u0161s auduu kl\u0101sts no k\u0101 izv\u0113l\u0113ties. N\u0101c apl\u016bkot iesp\u0113jas pie mums salon\u0101!<\/p>\n","protected":false},"featured_media":162529,"template":"","meta":[],"product_cat":[129,145],"product_tag":[],"class_list":{"0":"post-162528","1":"product","2":"type-product","3":"status-publish","4":"has-post-thumbnail","6":"product_brand-flexlux","7":"product_cat-mebeles","8":"product_cat-divani","10":"first","11":"instock","12":"shipping-taxable","13":"purchasable","14":"product-type-simple","15":"hongo-alternate-image-wrap"},"_links":{"self":[{"href":"https:\/\/4room.lv\/lv\/wp-json\/wp\/v2\/product\/162528","targetHints":{"allow":["GET"]}}],"collection":[{"href":"https:\/\/4room.lv\/lv\/wp-json\/wp\/v2\/product"}],"about":[{"href":"https:\/\/4room.lv\/lv\/wp-json\/wp\/v2\/types\/product"}],"wp:featuredmedia":[{"embeddable":true,"href":"https:\/\/4room.lv\/lv\/wp-json\/wp\/v2\/media\/162529"}],"wp:attachment":[{"href":"https:\/\/4room.lv\/lv\/wp-json\/wp\/v2\/media?parent=162528"}],"wp:term":[{"taxonomy":"product_cat","embeddable":true,"href":"https:\/\/4room.lv\/lv\/wp-json\/wp\/v2\/product_cat?post=162528"},{"taxonomy":"product_tag","embeddable":true,"href":"https:\/\/4room.lv\/lv\/wp-json\/wp\/v2\/product_tag?post=162528"}],"curies":[{"name":"wp","href":"https:\/\/api.w.org\/{rel}","templated":true}]}}