{"id":162544,"date":"2026-04-16T18:11:19","date_gmt":"2026-04-16T15:11:19","guid":{"rendered":"https:\/\/4room.lv\/?post_type=product&#038;p=162544"},"modified":"2026-04-16T18:11:19","modified_gmt":"2026-04-16T15:11:19","slug":"lola-armchair-beige","status":"publish","type":"product","link":"https:\/\/4room.lv\/lv\/veikals\/mebeles\/kresli\/lola-armchair-beige\/","title":{"rendered":"Lola armchair beige"},"content":{"rendered":"","protected":false},"excerpt":{"rendered":"<p>\u0112rt un dekorat\u012bvs atp\u016btas kr\u0113sls, b\u0113\u0161\u0101 audum\u0101 ar ozola r\u0101mi.<\/p>\n","protected":false},"featured_media":162545,"template":"","meta":[],"product_cat":[129,144],"product_tag":[],"class_list":{"0":"post-162544","1":"product","2":"type-product","3":"status-publish","4":"has-post-thumbnail","6":"product_brand-eleonora","7":"product_cat-mebeles","8":"product_cat-kresli","10":"first","11":"instock","12":"shipping-taxable","13":"purchasable","14":"product-type-simple"},"_links":{"self":[{"href":"https:\/\/4room.lv\/lv\/wp-json\/wp\/v2\/product\/162544","targetHints":{"allow":["GET"]}}],"collection":[{"href":"https:\/\/4room.lv\/lv\/wp-json\/wp\/v2\/product"}],"about":[{"href":"https:\/\/4room.lv\/lv\/wp-json\/wp\/v2\/types\/product"}],"wp:featuredmedia":[{"embeddable":true,"href":"https:\/\/4room.lv\/lv\/wp-json\/wp\/v2\/media\/162545"}],"wp:attachment":[{"href":"https:\/\/4room.lv\/lv\/wp-json\/wp\/v2\/media?parent=162544"}],"wp:term":[{"taxonomy":"product_cat","embeddable":true,"href":"https:\/\/4room.lv\/lv\/wp-json\/wp\/v2\/product_cat?post=162544"},{"taxonomy":"product_tag","embeddable":true,"href":"https:\/\/4room.lv\/lv\/wp-json\/wp\/v2\/product_tag?post=162544"}],"curies":[{"name":"wp","href":"https:\/\/api.w.org\/{rel}","templated":true}]}}