{"id":101116,"date":"2021-11-04T12:47:22","date_gmt":"2021-11-04T10:47:22","guid":{"rendered":"https:\/\/4room.lv\/?post_type=product&#038;p=101116"},"modified":"2025-03-09T17:34:13","modified_gmt":"2025-03-09T15:34:13","slug":"the-bride-medium","status":"publish","type":"product","link":"https:\/\/4room.lv\/ru\/veikals\/apgaismojums\/dizaina\/the-bride-medium\/","title":{"rendered":"Griestu lampa &#8212; The Bride : 60 cm, balta"},"content":{"rendered":"<p>The Bride &#8212; 60 cm, griestu lampa, balta<\/p>\n","protected":false},"excerpt":{"rendered":"<p>Latvie\u0161u dizaina klasika! Rad\u012bs \u012bpa\u0161i m\u0101j\u012bgu atmosf\u0113ru j\u016bsu m\u0101j\u0101s.<\/p>\n<p>The Bride &#8212; 60 cm, griestu lampa, balta<\/p>\n","protected":false},"featured_media":143039,"template":"","meta":[],"product_cat":[1058,127],"product_tag":[],"class_list":{"0":"post-101116","1":"product","2":"type-product","3":"status-publish","4":"has-post-thumbnail","6":"product_brand-mammalampa","7":"product_cat-dizaina","8":"product_cat-apgaismojums","10":"first","11":"instock","12":"sale","13":"shipping-taxable","14":"purchasable","15":"product-type-simple","16":"hongo-alternate-image-wrap"},"_links":{"self":[{"href":"https:\/\/4room.lv\/ru\/wp-json\/wp\/v2\/product\/101116","targetHints":{"allow":["GET"]}}],"collection":[{"href":"https:\/\/4room.lv\/ru\/wp-json\/wp\/v2\/product"}],"about":[{"href":"https:\/\/4room.lv\/ru\/wp-json\/wp\/v2\/types\/product"}],"wp:featuredmedia":[{"embeddable":true,"href":"https:\/\/4room.lv\/ru\/wp-json\/wp\/v2\/media\/143039"}],"wp:attachment":[{"href":"https:\/\/4room.lv\/ru\/wp-json\/wp\/v2\/media?parent=101116"}],"wp:term":[{"taxonomy":"product_cat","embeddable":true,"href":"https:\/\/4room.lv\/ru\/wp-json\/wp\/v2\/product_cat?post=101116"},{"taxonomy":"product_tag","embeddable":true,"href":"https:\/\/4room.lv\/ru\/wp-json\/wp\/v2\/product_tag?post=101116"}],"curies":[{"name":"wp","href":"https:\/\/api.w.org\/{rel}","templated":true}]}}