{"id":126957,"date":"2023-01-13T13:05:44","date_gmt":"2023-01-13T11:05:44","guid":{"rendered":"https:\/\/4room.lv\/?post_type=product&#038;p=126957"},"modified":"2025-03-09T17:36:51","modified_gmt":"2025-03-09T15:36:51","slug":"chair-franky-black","status":"publish","type":"product","link":"https:\/\/4room.lv\/ru\/veikals\/mebeles\/kresli\/chair-franky-black\/","title":{"rendered":"CHAIR FRANKY BLACK"},"content":{"rendered":"<p>Vintage PU-leather (50% PU and 50% PVC), PU foam, plywood shell and steel black powdercoated frame, with plastic footplugs.<\/p>\n","protected":false},"excerpt":{"rendered":"<p>\u0112rts un m\u016bsdien\u012bgs kr\u0113sls, kas nezaud\u0113s savu aktualit\u0101ti. Ineteresant\u0101s \u0161uves kr\u0113slam piedod akcentu.<\/p>\n<p>CHAIR FRANKY BLACK &#8212; Izm\u0113ri :56,00 x46,00&#215;83,00cm \/ Martindale :38000 \/ Maksim\u0101l\u0101 svara slodze (kg) :100<\/p>\n","protected":false},"featured_media":125596,"template":"","meta":[],"product_cat":[129,144],"product_tag":[],"class_list":{"0":"post-126957","1":"product","2":"type-product","3":"status-publish","4":"has-post-thumbnail","6":"product_brand-dutch-bone","7":"product_cat-mebeles","8":"product_cat-kresli","10":"first","11":"instock","12":"shipping-taxable","13":"purchasable","14":"product-type-simple"},"_links":{"self":[{"href":"https:\/\/4room.lv\/ru\/wp-json\/wp\/v2\/product\/126957","targetHints":{"allow":["GET"]}}],"collection":[{"href":"https:\/\/4room.lv\/ru\/wp-json\/wp\/v2\/product"}],"about":[{"href":"https:\/\/4room.lv\/ru\/wp-json\/wp\/v2\/types\/product"}],"wp:featuredmedia":[{"embeddable":true,"href":"https:\/\/4room.lv\/ru\/wp-json\/wp\/v2\/media\/125596"}],"wp:attachment":[{"href":"https:\/\/4room.lv\/ru\/wp-json\/wp\/v2\/media?parent=126957"}],"wp:term":[{"taxonomy":"product_cat","embeddable":true,"href":"https:\/\/4room.lv\/ru\/wp-json\/wp\/v2\/product_cat?post=126957"},{"taxonomy":"product_tag","embeddable":true,"href":"https:\/\/4room.lv\/ru\/wp-json\/wp\/v2\/product_tag?post=126957"}],"curies":[{"name":"wp","href":"https:\/\/api.w.org\/{rel}","templated":true}]}}