{"id":142883,"date":"2021-10-28T16:29:19","date_gmt":"2021-10-28T13:29:19","guid":{"rendered":"https:\/\/4room.lv\/?post_type=product&#038;p=142883"},"modified":"2025-03-09T16:48:15","modified_gmt":"2025-03-09T14:48:15","slug":"griestu-gaismeklis-omari-5-skinne","status":"publish","type":"product","link":"https:\/\/4room.lv\/ru\/veikals\/apgaismojums\/dekorativais\/griestu-gaismeklis-omari-5-skinne\/","title":{"rendered":"Griestu gaismeklis &#8212; Omari 5"},"content":{"rendered":"","protected":false},"excerpt":{"rendered":"<p>Griestu gaismeklis &#8212; Omari 5\/ 320lmx5\/ 2700k\/ 3,2W\/ Kr\u0101sa: Melns\/ Izm\u0113rs: 118x12x3,5 cm<\/p>\n<p>\u0160aurs un neuzkr\u012bto\u0161s gaismeklis ar 5xLed spotiem.<\/p>\n","protected":false},"featured_media":142885,"template":"","meta":[],"product_cat":[127,148,147],"product_tag":[],"class_list":{"0":"post-142883","1":"product","2":"type-product","3":"status-publish","4":"has-post-thumbnail","6":"product_brand-nordlux","7":"product_cat-apgaismojums","8":"product_cat-arhitekturalais","9":"product_cat-dekorativais","11":"first","12":"instock","13":"shipping-taxable","14":"purchasable","15":"product-type-simple"},"_links":{"self":[{"href":"https:\/\/4room.lv\/ru\/wp-json\/wp\/v2\/product\/142883","targetHints":{"allow":["GET"]}}],"collection":[{"href":"https:\/\/4room.lv\/ru\/wp-json\/wp\/v2\/product"}],"about":[{"href":"https:\/\/4room.lv\/ru\/wp-json\/wp\/v2\/types\/product"}],"wp:featuredmedia":[{"embeddable":true,"href":"https:\/\/4room.lv\/ru\/wp-json\/wp\/v2\/media\/142885"}],"wp:attachment":[{"href":"https:\/\/4room.lv\/ru\/wp-json\/wp\/v2\/media?parent=142883"}],"wp:term":[{"taxonomy":"product_cat","embeddable":true,"href":"https:\/\/4room.lv\/ru\/wp-json\/wp\/v2\/product_cat?post=142883"},{"taxonomy":"product_tag","embeddable":true,"href":"https:\/\/4room.lv\/ru\/wp-json\/wp\/v2\/product_tag?post=142883"}],"curies":[{"name":"wp","href":"https:\/\/api.w.org\/{rel}","templated":true}]}}