{"id":142899,"date":"2021-10-28T16:52:22","date_gmt":"2021-10-28T13:52:22","guid":{"rendered":"https:\/\/4room.lv\/?post_type=product&#038;p=142899"},"modified":"2024-10-23T18:46:00","modified_gmt":"2024-10-23T15:46:00","slug":"iekarama-griestu-lampa-ivona-4-pendel","status":"publish","type":"product","link":"https:\/\/4room.lv\/ru\/veikals\/apgaismojums\/dekorativais\/iekarama-griestu-lampa-ivona-4-pendel\/","title":{"rendered":"Iekarams griestu gaismeklis &#8212; Ivona 4-Pendel"},"content":{"rendered":"","protected":false},"excerpt":{"rendered":"<p>Iekarams griestu gaismeklis Ivona 4-Pendel\/ 4xE27, max 28W\/ Kr\u0101sa: Misi\u0146\u0161 un Balts\/ Izm\u0113ri: 54,2&#215;54,2&#215;41,5 cm\/ Vada garums: 200 cm<\/p>\n","protected":false},"featured_media":142901,"template":"","meta":[],"product_cat":[127,147],"product_tag":[],"class_list":{"0":"post-142899","1":"product","2":"type-product","3":"status-publish","4":"has-post-thumbnail","6":"product_brand-nordlux","7":"product_cat-apgaismojums","8":"product_cat-dekorativais","10":"first","11":"instock","12":"shipping-taxable","13":"purchasable","14":"product-type-simple"},"_links":{"self":[{"href":"https:\/\/4room.lv\/ru\/wp-json\/wp\/v2\/product\/142899","targetHints":{"allow":["GET"]}}],"collection":[{"href":"https:\/\/4room.lv\/ru\/wp-json\/wp\/v2\/product"}],"about":[{"href":"https:\/\/4room.lv\/ru\/wp-json\/wp\/v2\/types\/product"}],"wp:featuredmedia":[{"embeddable":true,"href":"https:\/\/4room.lv\/ru\/wp-json\/wp\/v2\/media\/142901"}],"wp:attachment":[{"href":"https:\/\/4room.lv\/ru\/wp-json\/wp\/v2\/media?parent=142899"}],"wp:term":[{"taxonomy":"product_cat","embeddable":true,"href":"https:\/\/4room.lv\/ru\/wp-json\/wp\/v2\/product_cat?post=142899"},{"taxonomy":"product_tag","embeddable":true,"href":"https:\/\/4room.lv\/ru\/wp-json\/wp\/v2\/product_tag?post=142899"}],"curies":[{"name":"wp","href":"https:\/\/api.w.org\/{rel}","templated":true}]}}