{"id":152476,"date":"2023-10-23T18:59:01","date_gmt":"2023-10-23T15:59:01","guid":{"rendered":"https:\/\/4room.lv\/?post_type=product&#038;p=152476"},"modified":"2025-04-24T16:57:14","modified_gmt":"2025-04-24T13:57:14","slug":"glow-25-seater","status":"publish","type":"product","link":"https:\/\/4room.lv\/ru\/veikals\/mebeles\/divani\/glow-25-seater\/","title":{"rendered":"Glow &#8212; 2,5 Seater"},"content":{"rendered":"","protected":false},"excerpt":{"rendered":"<p>Divviet\u012bgs d\u012bv\u0101ns : Glow &#8212; 2,5 Seater<\/p>\n<p>Izm\u0113ri : W:\u00a0<span class=\"js-theca-product-width\">191 cm<\/span>\u00a0\/ D:\u00a0<span class=\"js-theca-product-depth\">90 cm<\/span>\u00a0\/ H:\u00a0<span class=\"js-theca-product-height\">81 cm\u00a0<\/span><\/p>\n<p>\u0100da : Leather Dakota Deep Black (0740)<\/p>\n<p>Iesp\u0113jams izv\u0113l\u0113ties citu kr\u0101su, audumu, k\u0101 ar\u012b izm\u0113ru.<\/p>\n","protected":false},"featured_media":152477,"template":"","meta":[],"product_cat":[129,145],"product_tag":[],"class_list":{"0":"post-152476","1":"product","2":"type-product","3":"status-publish","4":"has-post-thumbnail","6":"product_brand-flexlux","7":"product_cat-mebeles","8":"product_cat-divani","10":"first","11":"instock","12":"shipping-taxable","13":"purchasable","14":"product-type-simple"},"_links":{"self":[{"href":"https:\/\/4room.lv\/ru\/wp-json\/wp\/v2\/product\/152476","targetHints":{"allow":["GET"]}}],"collection":[{"href":"https:\/\/4room.lv\/ru\/wp-json\/wp\/v2\/product"}],"about":[{"href":"https:\/\/4room.lv\/ru\/wp-json\/wp\/v2\/types\/product"}],"wp:featuredmedia":[{"embeddable":true,"href":"https:\/\/4room.lv\/ru\/wp-json\/wp\/v2\/media\/152477"}],"wp:attachment":[{"href":"https:\/\/4room.lv\/ru\/wp-json\/wp\/v2\/media?parent=152476"}],"wp:term":[{"taxonomy":"product_cat","embeddable":true,"href":"https:\/\/4room.lv\/ru\/wp-json\/wp\/v2\/product_cat?post=152476"},{"taxonomy":"product_tag","embeddable":true,"href":"https:\/\/4room.lv\/ru\/wp-json\/wp\/v2\/product_tag?post=152476"}],"curies":[{"name":"wp","href":"https:\/\/api.w.org\/{rel}","templated":true}]}}