{"id":152492,"date":"2023-10-23T19:17:57","date_gmt":"2023-10-23T16:17:57","guid":{"rendered":"https:\/\/4room.lv\/?post_type=product&#038;p=152492"},"modified":"2025-04-24T16:57:03","modified_gmt":"2025-04-24T13:57:03","slug":"petrone-2-seater-chaiselong","status":"publish","type":"product","link":"https:\/\/4room.lv\/ru\/veikals\/mebeles\/divani\/petrone-2-seater-chaiselong\/","title":{"rendered":"Petrone &#8212; 2 Seater + Chaiselong"},"content":{"rendered":"","protected":false},"excerpt":{"rendered":"<p>St\u016bra d\u012bv\u0101ns : Petrone &#8212; 2 Seater + Chaiselong<\/p>\n<p>Izm\u0113ri : W:\u00a0<span class=\"js-theca-product-width\">326,5 cm<\/span>\u00a0\/ D:\u00a0<span class=\"js-theca-product-depth\">184 cm<\/span>\u00a0\/ H:\u00a0<span class=\"js-theca-product-height\">80 cm\u00a0<\/span><\/p>\n<p>Audums : Fabric Alba Honey Yellow (1323)<\/p>\n<p>Iesp\u0113jams izv\u0113l\u0113ties citu audumu, \u0101du, k\u0101 ar\u012b izm\u0113rus.<\/p>\n","protected":false},"featured_media":152493,"template":"","meta":[],"product_cat":[129,145],"product_tag":[],"class_list":{"0":"post-152492","1":"product","2":"type-product","3":"status-publish","4":"has-post-thumbnail","6":"product_brand-flexlux","7":"product_cat-mebeles","8":"product_cat-divani","10":"first","11":"instock","12":"shipping-taxable","13":"purchasable","14":"product-type-simple"},"_links":{"self":[{"href":"https:\/\/4room.lv\/ru\/wp-json\/wp\/v2\/product\/152492","targetHints":{"allow":["GET"]}}],"collection":[{"href":"https:\/\/4room.lv\/ru\/wp-json\/wp\/v2\/product"}],"about":[{"href":"https:\/\/4room.lv\/ru\/wp-json\/wp\/v2\/types\/product"}],"wp:featuredmedia":[{"embeddable":true,"href":"https:\/\/4room.lv\/ru\/wp-json\/wp\/v2\/media\/152493"}],"wp:attachment":[{"href":"https:\/\/4room.lv\/ru\/wp-json\/wp\/v2\/media?parent=152492"}],"wp:term":[{"taxonomy":"product_cat","embeddable":true,"href":"https:\/\/4room.lv\/ru\/wp-json\/wp\/v2\/product_cat?post=152492"},{"taxonomy":"product_tag","embeddable":true,"href":"https:\/\/4room.lv\/ru\/wp-json\/wp\/v2\/product_tag?post=152492"}],"curies":[{"name":"wp","href":"https:\/\/api.w.org\/{rel}","templated":true}]}}