{"id":152551,"date":"2023-11-13T10:09:15","date_gmt":"2023-11-13T08:09:15","guid":{"rendered":"https:\/\/4room.lv\/?post_type=product&#038;p=152551"},"modified":"2025-11-13T16:19:45","modified_gmt":"2025-11-13T14:19:45","slug":"iekarts-griestu-gaismeklis-candy","status":"publish","type":"product","link":"https:\/\/4room.lv\/ru\/veikals\/apgaismojums\/dekorativais\/iekarts-griestu-gaismeklis-candy\/","title":{"rendered":"Iek\u0101rts griestu gaismeklis &#8212; Candy"},"content":{"rendered":"","protected":false},"excerpt":{"rendered":"<p>Skaists Led iek\u0101rts griestu gaismeklis ar dekorat\u012bviem stikliem tr\u012bs to\u0146os.<\/p>\n","protected":false},"featured_media":152552,"template":"","meta":[],"product_cat":[127,147],"product_tag":[],"class_list":{"0":"post-152551","1":"product","2":"type-product","3":"status-publish","4":"has-post-thumbnail","6":"product_brand-ondaluce","7":"product_cat-apgaismojums","8":"product_cat-dekorativais","10":"first","11":"instock","12":"sale","13":"shipping-taxable","14":"purchasable","15":"product-type-simple"},"_links":{"self":[{"href":"https:\/\/4room.lv\/ru\/wp-json\/wp\/v2\/product\/152551","targetHints":{"allow":["GET"]}}],"collection":[{"href":"https:\/\/4room.lv\/ru\/wp-json\/wp\/v2\/product"}],"about":[{"href":"https:\/\/4room.lv\/ru\/wp-json\/wp\/v2\/types\/product"}],"wp:featuredmedia":[{"embeddable":true,"href":"https:\/\/4room.lv\/ru\/wp-json\/wp\/v2\/media\/152552"}],"wp:attachment":[{"href":"https:\/\/4room.lv\/ru\/wp-json\/wp\/v2\/media?parent=152551"}],"wp:term":[{"taxonomy":"product_cat","embeddable":true,"href":"https:\/\/4room.lv\/ru\/wp-json\/wp\/v2\/product_cat?post=152551"},{"taxonomy":"product_tag","embeddable":true,"href":"https:\/\/4room.lv\/ru\/wp-json\/wp\/v2\/product_tag?post=152551"}],"curies":[{"name":"wp","href":"https:\/\/api.w.org\/{rel}","templated":true}]}}