{"id":153047,"date":"2023-12-04T17:50:08","date_gmt":"2023-12-04T15:50:08","guid":{"rendered":"https:\/\/4room.lv\/?post_type=product&#038;p=153047"},"modified":"2023-12-04T17:50:08","modified_gmt":"2023-12-04T15:50:08","slug":"filippa-dining-table-whitewash","status":"publish","type":"product","link":"https:\/\/4room.lv\/ru\/veikals\/mebeles\/galdi\/filippa-dining-table-whitewash\/","title":{"rendered":"FILIPPA DINING TABLE WHITEWASH"},"content":{"rendered":"","protected":false},"excerpt":{"rendered":"<p>\u0112damistabas galds Flippa \/ Kr\u0101sa : balin\u0101ts mas\u012bvs ozols \/ Izm\u0113ri : L180 H74 W60 maxL280 \/ Pagarin\u0101juma da\u013cas j\u0101pas\u016bta atsevi\u0161\u0137i!<\/p>\n","protected":false},"featured_media":153048,"template":"","meta":[],"product_cat":[129,142],"product_tag":[],"class_list":{"0":"post-153047","1":"product","2":"type-product","3":"status-publish","4":"has-post-thumbnail","6":"product_brand-rowico","7":"product_cat-mebeles","8":"product_cat-galdi","10":"first","11":"instock","12":"shipping-taxable","13":"purchasable","14":"product-type-simple"},"_links":{"self":[{"href":"https:\/\/4room.lv\/ru\/wp-json\/wp\/v2\/product\/153047","targetHints":{"allow":["GET"]}}],"collection":[{"href":"https:\/\/4room.lv\/ru\/wp-json\/wp\/v2\/product"}],"about":[{"href":"https:\/\/4room.lv\/ru\/wp-json\/wp\/v2\/types\/product"}],"wp:featuredmedia":[{"embeddable":true,"href":"https:\/\/4room.lv\/ru\/wp-json\/wp\/v2\/media\/153048"}],"wp:attachment":[{"href":"https:\/\/4room.lv\/ru\/wp-json\/wp\/v2\/media?parent=153047"}],"wp:term":[{"taxonomy":"product_cat","embeddable":true,"href":"https:\/\/4room.lv\/ru\/wp-json\/wp\/v2\/product_cat?post=153047"},{"taxonomy":"product_tag","embeddable":true,"href":"https:\/\/4room.lv\/ru\/wp-json\/wp\/v2\/product_tag?post=153047"}],"curies":[{"name":"wp","href":"https:\/\/api.w.org\/{rel}","templated":true}]}}